{"id":49,"date":"2020-03-09T16:17:52","date_gmt":"2020-03-09T15:17:52","guid":{"rendered":"https:\/\/sternwarte.jorahm.de\/?page_id=49"},"modified":"2021-09-22T19:57:01","modified_gmt":"2021-09-22T17:57:01","slug":"galaxien","status":"publish","type":"page","link":"https:\/\/sternwarte.jorahm.de\/index.php\/astrofotos\/galaxien\/","title":{"rendered":"Galaxien"},"content":{"rendered":"\n<p>Als eine <strong>Galaxie<\/strong> (altgriechisch<em>: <\/em> \u201aMilchstra\u00dfe\u2018) wird in der Astronomie allgemein eine&nbsp; gravitativ gebundene gro\u00dfe Ansammlung von Materie verstanden.<\/p>\n\n\n\n<p>Galaxien variieren stark in Aussehen und werden hinsichtlich ihrer Form und Gr\u00f6\u00dfe eingeteilt. Die wichtigsten Gruppen dieser Hubble-Klassifikation sind:<\/p>\n\n\n\n<ul class=\"wp-block-list\"><li>Elliptische Galaxien (Gruppen E0 bis E7)<\/li><li>Linsenf\u00f6rmige Galaxien (Gruppe S0)<\/li><li>Spiralgalaxien (Gruppen Sa, Sb, Sc)<\/li><li>Balkengalaxien Gruppen SBa, SBb, SBc)<\/li><li>Irregul\u00e4re Galaxien<\/li><\/ul>\n\n\n\n<p>Unser Sonnensystem befinden sich in einer Spiralgalaxie, welche in etwa der Andromedagalaxie \u00e4hneln d\u00fcrfte.<\/p>\n\n\n\n<p>Weitere einf\u00fchrende Literatur findet man in <a rel=\"noreferrer noopener\" href=\"http:\/\/de.wikipedia.org\/wiki\/Galaxie\" target=\"_blank\">Wikipedia<\/a>.<\/p>\n\n\n\n<div class=\"embed-container\">\n<iframe style=\"background-color: #ffffff;\" title=\"Fotos\" src=\"https:\\\\sternwarte.jorahm.de\\wp-content\\mypages\\showthumbs.php?Typ=Galaxie\" name=\"snr\" width=\"1160px\" height=\"830px\" scrolling=\"yes\"><span data-mce-type=\"bookmark\" style=\"display: inline-block; width: 0px; overflow: hidden; line-height: 0;\" class=\"mce_SELRES_start\">\ufeff<\/span><\/iframe>\n<\/div>\n","protected":false},"excerpt":{"rendered":"<p>Als eine Galaxie (altgriechisch: \u201aMilchstra\u00dfe\u2018) wird in der Astronomie allgemein eine&nbsp; gravitativ gebundene gro\u00dfe Ansammlung von Materie verstanden. Galaxien variieren stark in Aussehen und werden hinsichtlich ihrer Form und Gr\u00f6\u00dfe eingeteilt. Die wichtigsten Gruppen dieser Hubble-Klassifikation sind: Elliptische Galaxien (Gruppen E0 bis E7) Linsenf\u00f6rmige Galaxien (Gruppe S0) Spiralgalaxien (Gruppen Sa, Sb, Sc) Balkengalaxien Gruppen SBa, &#8230; <\/p>\n<p class=\"read-more-container\"><a title=\"Galaxien\" class=\"read-more button\" href=\"https:\/\/sternwarte.jorahm.de\/index.php\/astrofotos\/galaxien\/#more-49\">Read more<span class=\"screen-reader-text\">Galaxien<\/span><\/a><\/p>\n","protected":false},"author":1,"featured_media":0,"parent":173,"menu_order":0,"comment_status":"closed","ping_status":"closed","template":"","meta":{"footnotes":""},"class_list":["post-49","page","type-page","status-publish"],"yoast_head":"<!-- This site is optimized with the Yoast SEO plugin v27.3 - https:\/\/yoast.com\/product\/yoast-seo-wordpress\/ -->\n<title>Galaxien - JoRa VST<\/title>\n<meta name=\"robots\" content=\"index, follow, max-snippet:-1, max-image-preview:large, max-video-preview:-1\" \/>\n<link rel=\"canonical\" href=\"https:\/\/sternwarte.jorahm.de\/index.php\/astrofotos\/galaxien\/\" \/>\n<meta property=\"og:locale\" content=\"de_DE\" \/>\n<meta property=\"og:type\" content=\"article\" \/>\n<meta property=\"og:title\" content=\"Galaxien - JoRa VST\" \/>\n<meta property=\"og:description\" content=\"Als eine Galaxie (altgriechisch: \u201aMilchstra\u00dfe\u2018) wird in der Astronomie allgemein eine&nbsp; gravitativ gebundene gro\u00dfe Ansammlung von Materie verstanden. Galaxien variieren stark in Aussehen und werden hinsichtlich ihrer Form und Gr\u00f6\u00dfe eingeteilt. Die wichtigsten Gruppen dieser Hubble-Klassifikation sind: Elliptische Galaxien (Gruppen E0 bis E7) Linsenf\u00f6rmige Galaxien (Gruppe S0) Spiralgalaxien (Gruppen Sa, Sb, Sc) Balkengalaxien Gruppen SBa, ... Read moreGalaxien\" \/>\n<meta property=\"og:url\" content=\"https:\/\/sternwarte.jorahm.de\/index.php\/astrofotos\/galaxien\/\" \/>\n<meta property=\"og:site_name\" content=\"JoRa VST\" \/>\n<meta property=\"article:modified_time\" content=\"2021-09-22T17:57:01+00:00\" \/>\n<meta name=\"twitter:card\" content=\"summary_large_image\" \/>\n<meta name=\"twitter:label1\" content=\"Gesch\u00e4tzte Lesezeit\" \/>\n\t<meta name=\"twitter:data1\" content=\"1\u00a0Minute\" \/>\n<script type=\"application\/ld+json\" class=\"yoast-schema-graph\">{\"@context\":\"https:\\\/\\\/schema.org\",\"@graph\":[{\"@type\":\"WebPage\",\"@id\":\"https:\\\/\\\/sternwarte.jorahm.de\\\/index.php\\\/astrofotos\\\/galaxien\\\/\",\"url\":\"https:\\\/\\\/sternwarte.jorahm.de\\\/index.php\\\/astrofotos\\\/galaxien\\\/\",\"name\":\"Galaxien - JoRa VST\",\"isPartOf\":{\"@id\":\"https:\\\/\\\/sternwarte.jorahm.de\\\/#website\"},\"datePublished\":\"2020-03-09T15:17:52+00:00\",\"dateModified\":\"2021-09-22T17:57:01+00:00\",\"breadcrumb\":{\"@id\":\"https:\\\/\\\/sternwarte.jorahm.de\\\/index.php\\\/astrofotos\\\/galaxien\\\/#breadcrumb\"},\"inLanguage\":\"de\",\"potentialAction\":[{\"@type\":\"ReadAction\",\"target\":[\"https:\\\/\\\/sternwarte.jorahm.de\\\/index.php\\\/astrofotos\\\/galaxien\\\/\"]}]},{\"@type\":\"BreadcrumbList\",\"@id\":\"https:\\\/\\\/sternwarte.jorahm.de\\\/index.php\\\/astrofotos\\\/galaxien\\\/#breadcrumb\",\"itemListElement\":[{\"@type\":\"ListItem\",\"position\":1,\"name\":\"Home\",\"item\":\"https:\\\/\\\/sternwarte.jorahm.de\\\/\"},{\"@type\":\"ListItem\",\"position\":2,\"name\":\"Astrofotos\",\"item\":\"https:\\\/\\\/sternwarte.jorahm.de\\\/index.php\\\/astrofotos\\\/\"},{\"@type\":\"ListItem\",\"position\":3,\"name\":\"Galaxien\"}]},{\"@type\":\"WebSite\",\"@id\":\"https:\\\/\\\/sternwarte.jorahm.de\\\/#website\",\"url\":\"https:\\\/\\\/sternwarte.jorahm.de\\\/\",\"name\":\"JoRa VST\",\"description\":\"Joachim Rahm Very Small Telescope\",\"potentialAction\":[{\"@type\":\"SearchAction\",\"target\":{\"@type\":\"EntryPoint\",\"urlTemplate\":\"https:\\\/\\\/sternwarte.jorahm.de\\\/?s={search_term_string}\"},\"query-input\":{\"@type\":\"PropertyValueSpecification\",\"valueRequired\":true,\"valueName\":\"search_term_string\"}}],\"inLanguage\":\"de\"}]}<\/script>\n<!-- \/ Yoast SEO plugin. -->","yoast_head_json":{"title":"Galaxien - JoRa VST","robots":{"index":"index","follow":"follow","max-snippet":"max-snippet:-1","max-image-preview":"max-image-preview:large","max-video-preview":"max-video-preview:-1"},"canonical":"https:\/\/sternwarte.jorahm.de\/index.php\/astrofotos\/galaxien\/","og_locale":"de_DE","og_type":"article","og_title":"Galaxien - JoRa VST","og_description":"Als eine Galaxie (altgriechisch: \u201aMilchstra\u00dfe\u2018) wird in der Astronomie allgemein eine&nbsp; gravitativ gebundene gro\u00dfe Ansammlung von Materie verstanden. Galaxien variieren stark in Aussehen und werden hinsichtlich ihrer Form und Gr\u00f6\u00dfe eingeteilt. Die wichtigsten Gruppen dieser Hubble-Klassifikation sind: Elliptische Galaxien (Gruppen E0 bis E7) Linsenf\u00f6rmige Galaxien (Gruppe S0) Spiralgalaxien (Gruppen Sa, Sb, Sc) Balkengalaxien Gruppen SBa, ... Read moreGalaxien","og_url":"https:\/\/sternwarte.jorahm.de\/index.php\/astrofotos\/galaxien\/","og_site_name":"JoRa VST","article_modified_time":"2021-09-22T17:57:01+00:00","twitter_card":"summary_large_image","twitter_misc":{"Gesch\u00e4tzte Lesezeit":"1\u00a0Minute"},"schema":{"@context":"https:\/\/schema.org","@graph":[{"@type":"WebPage","@id":"https:\/\/sternwarte.jorahm.de\/index.php\/astrofotos\/galaxien\/","url":"https:\/\/sternwarte.jorahm.de\/index.php\/astrofotos\/galaxien\/","name":"Galaxien - JoRa VST","isPartOf":{"@id":"https:\/\/sternwarte.jorahm.de\/#website"},"datePublished":"2020-03-09T15:17:52+00:00","dateModified":"2021-09-22T17:57:01+00:00","breadcrumb":{"@id":"https:\/\/sternwarte.jorahm.de\/index.php\/astrofotos\/galaxien\/#breadcrumb"},"inLanguage":"de","potentialAction":[{"@type":"ReadAction","target":["https:\/\/sternwarte.jorahm.de\/index.php\/astrofotos\/galaxien\/"]}]},{"@type":"BreadcrumbList","@id":"https:\/\/sternwarte.jorahm.de\/index.php\/astrofotos\/galaxien\/#breadcrumb","itemListElement":[{"@type":"ListItem","position":1,"name":"Home","item":"https:\/\/sternwarte.jorahm.de\/"},{"@type":"ListItem","position":2,"name":"Astrofotos","item":"https:\/\/sternwarte.jorahm.de\/index.php\/astrofotos\/"},{"@type":"ListItem","position":3,"name":"Galaxien"}]},{"@type":"WebSite","@id":"https:\/\/sternwarte.jorahm.de\/#website","url":"https:\/\/sternwarte.jorahm.de\/","name":"JoRa VST","description":"Joachim Rahm Very Small Telescope","potentialAction":[{"@type":"SearchAction","target":{"@type":"EntryPoint","urlTemplate":"https:\/\/sternwarte.jorahm.de\/?s={search_term_string}"},"query-input":{"@type":"PropertyValueSpecification","valueRequired":true,"valueName":"search_term_string"}}],"inLanguage":"de"}]}},"_links":{"self":[{"href":"https:\/\/sternwarte.jorahm.de\/index.php\/wp-json\/wp\/v2\/page\/49","targetHints":{"allow":["GET"]}}],"collection":[{"href":"https:\/\/sternwarte.jorahm.de\/index.php\/wp-json\/wp\/v2\/page"}],"about":[{"href":"https:\/\/sternwarte.jorahm.de\/index.php\/wp-json\/wp\/v2\/types\/page"}],"author":[{"embeddable":true,"href":"https:\/\/sternwarte.jorahm.de\/index.php\/wp-json\/wp\/v2\/users\/1"}],"replies":[{"embeddable":true,"href":"https:\/\/sternwarte.jorahm.de\/index.php\/wp-json\/wp\/v2\/comments?post=49"}],"version-history":[{"count":33,"href":"https:\/\/sternwarte.jorahm.de\/index.php\/wp-json\/wp\/v2\/page\/49\/revisions"}],"predecessor-version":[{"id":427,"href":"https:\/\/sternwarte.jorahm.de\/index.php\/wp-json\/wp\/v2\/page\/49\/revisions\/427"}],"up":[{"embeddable":true,"href":"https:\/\/sternwarte.jorahm.de\/index.php\/wp-json\/wp\/v2\/page\/173"}],"wp:attachment":[{"href":"https:\/\/sternwarte.jorahm.de\/index.php\/wp-json\/wp\/v2\/media?parent=49"}],"curies":[{"name":"wp","href":"https:\/\/api.w.org\/{rel}","templated":true}]}}