{"id":56,"date":"2020-03-09T15:51:50","date_gmt":"2020-03-09T14:51:50","guid":{"rendered":"https:\/\/sternwarte.jorahm.de\/?page_id=56"},"modified":"2020-03-30T11:52:24","modified_gmt":"2020-03-30T09:52:24","slug":"sternwarte","status":"publish","type":"page","link":"https:\/\/sternwarte.jorahm.de\/index.php\/sternwarte\/","title":{"rendered":"Sternwarte"},"content":{"rendered":"\n<p>Die Astronomie ist eine der \u00e4ltesten &#8211; vielleicht sogar die \u00e4lteste Wissenschaft der Menschheit. Den Lauf der Sterne und Planeten beobachteten die Astronomen schon immer mit gr\u00f6\u00dfter Sorgfalt. Bereits vor 4000 Jahren konnten die \u00c4gypter eine Sonnenfinsternis vorhersagen!<br>Eine gro\u00dfe Wende kam mit der Erfindung optischer Ger\u00e4te. Als Galileo Galilei vor 400 Jahren erstmals ein 2 cm Teleskop auf den Mond richtete, traten pl\u00f6tzlich Strukturen der Oberfl\u00e4che hervor. Der Jupiter zeigte seine vier hellsten Monde. Seit dem haben sich die Ger\u00e4te stetig weiterentwickelt. Heute haben wir Teleskope im Weltall und riesige Ger\u00e4te befinden sich rund um den Erdball. Das VLT der ESO in Chile vereinigt sogar vier 8 Meter-Spiegel zu einem Bild. Gr\u00f6\u00dfere Teleskope sind schon in Planung und man kann auf die Zukunft wirklich gespannt sein. So faszinierend diese Entwicklung der Profi-Astronomie ist, so frustrierend kann sie f\u00fcr den Amateurastronomen bisweilen sein, da seine Mittel sehr begrenzt sind.<br>Mit der Namensgebung JoRa VST (Very Small Telescope) soll demonstrieren werden, dass der gegenw\u00e4rtige Trend auch bei Amateurastronomen, sich immer gr\u00f6\u00dfere Optiken zu beschaffen, in den mitteleurop\u00e4ischen Breiten zumindest f\u00fcr die Astrofotografie nicht notwendig, m.E. sogar unsinnig ist. Ich m\u00f6chte ermuntern auch mit dem kleinsten Fernrohr das faszinierende Weltall zu beobachten und \/ oder sogar zu fotografieren.<\/p>\n\n\n\n<p>Die Sternwarte befindet sich in Bingen am Rhein.<\/p>\n\n\n\n<div class=\"wp-block-group\"><div class=\"wp-block-group__inner-container is-layout-flow wp-block-group-is-layout-flow\">\n<figure class=\"wp-block-gallery columns-0 is-cropped wp-block-gallery-1 is-layout-flex wp-block-gallery-is-layout-flex\"><ul class=\"blocks-gallery-grid\"><\/ul><\/figure>\n<\/div><\/div>\n\n\n\n<figure class=\"wp-block-gallery columns-2 is-cropped wp-block-gallery-2 is-layout-flex wp-block-gallery-is-layout-flex\"><ul class=\"blocks-gallery-grid\"><li class=\"blocks-gallery-item\"><figure><img fetchpriority=\"high\" decoding=\"async\" width=\"1024\" height=\"768\" src=\"https:\/\/sternwarte.jorahm.de\/wp-content\/uploads\/2020\/03\/P3230014_DxO-1024x768.jpg\" alt=\"\" data-id=\"250\" data-full-url=\"https:\/\/sternwarte.jorahm.de\/wp-content\/uploads\/2020\/03\/P3230014_DxO.jpg\" data-link=\"https:\/\/sternwarte.jorahm.de\/olympus-digital-camera-6\/\" class=\"wp-image-250\" srcset=\"https:\/\/sternwarte.jorahm.de\/wp-content\/uploads\/2020\/03\/P3230014_DxO-1024x768.jpg 1024w, https:\/\/sternwarte.jorahm.de\/wp-content\/uploads\/2020\/03\/P3230014_DxO-300x225.jpg 300w, https:\/\/sternwarte.jorahm.de\/wp-content\/uploads\/2020\/03\/P3230014_DxO-768x576.jpg 768w, https:\/\/sternwarte.jorahm.de\/wp-content\/uploads\/2020\/03\/P3230014_DxO.jpg 1152w\" sizes=\"(max-width: 1024px) 100vw, 1024px\" \/><\/figure><\/li><li class=\"blocks-gallery-item\"><figure><img decoding=\"async\" width=\"1024\" height=\"768\" src=\"https:\/\/sternwarte.jorahm.de\/wp-content\/uploads\/2020\/03\/P3230015_DxO-1024x768.jpg\" alt=\"\" data-id=\"251\" data-full-url=\"https:\/\/sternwarte.jorahm.de\/wp-content\/uploads\/2020\/03\/P3230015_DxO.jpg\" data-link=\"https:\/\/sternwarte.jorahm.de\/olympus-digital-camera-7\/\" class=\"wp-image-251\" srcset=\"https:\/\/sternwarte.jorahm.de\/wp-content\/uploads\/2020\/03\/P3230015_DxO-1024x768.jpg 1024w, https:\/\/sternwarte.jorahm.de\/wp-content\/uploads\/2020\/03\/P3230015_DxO-300x225.jpg 300w, https:\/\/sternwarte.jorahm.de\/wp-content\/uploads\/2020\/03\/P3230015_DxO-768x576.jpg 768w, https:\/\/sternwarte.jorahm.de\/wp-content\/uploads\/2020\/03\/P3230015_DxO.jpg 1152w\" sizes=\"(max-width: 1024px) 100vw, 1024px\" \/><\/figure><\/li><\/ul><\/figure>\n\n\n\n<p>Hauptinstrument ist ein ODK (optimiertes Dall-Kirkham-Teleskop, freie \u00d6ffnung 304 mm, Brennweite 2040 mm. Die Optik wird von einer Astrophysiks 1200 Montierung getragen.<br>Durch das geringe Raumvolumen der Sternwarte passt sich die Kuppel sehr schnell der Au\u00dfentemperatur an. Eine bef\u00fcrchtete Anf\u00e4lligkeit gegen\u00fcber aufsteigender warmer Luft und damit einhergehender Bildverschlechterung hat sich bislang nicht best\u00e4tigt. Bei gutem Seeing sind hoch aufgel\u00f6ste Planetenaufnahmen m\u00f6glich.<\/p>\n\n\n\n<figure class=\"wp-block-image size-large is-style-default\"><img decoding=\"async\" width=\"1024\" height=\"768\" src=\"https:\/\/sternwarte.jorahm.de\/wp-content\/uploads\/2020\/03\/P3230018_DxO-1024x768.jpg\" alt=\"\" class=\"wp-image-254\"\/><\/figure>\n\n\n\n<p>Die Kern-Steuerung des Observatoriums ist ein Rechner mit einer Control \/ Relais-Box. \u00dcber den Rechner l\u00e4sst sich die Sternwarte \u00fcber Lan bequem vom warmen Wohnzimmer steuern. Auch ein halbautomatischer Bertrieb der Sternwarte ist m\u00f6glich.\u00a0 Nach Abschluss einer Aufnahmeserie bzw. beim Aufkommen von Bew\u00f6lkung\/Regen wird die Sternwarte automatisch heruntergefahren. Das Teleskop wird in der home-postion geparkt, die CCDs abgeschaltet, der Kuppel-Shutter geschlossen, der Rechner\u00a0 heruntergefahren und die Stromversorgung ausgeschaltet.<\/p>\n\n\n\n<figure class=\"wp-block-image size-large is-style-default\"><img loading=\"lazy\" decoding=\"async\" width=\"1024\" height=\"768\" src=\"https:\/\/sternwarte.jorahm.de\/wp-content\/uploads\/2020\/03\/P3230019_DxO-1024x768.jpg\" alt=\"\" class=\"wp-image-255\" srcset=\"https:\/\/sternwarte.jorahm.de\/wp-content\/uploads\/2020\/03\/P3230019_DxO-1024x768.jpg 1024w, https:\/\/sternwarte.jorahm.de\/wp-content\/uploads\/2020\/03\/P3230019_DxO-300x225.jpg 300w, https:\/\/sternwarte.jorahm.de\/wp-content\/uploads\/2020\/03\/P3230019_DxO-768x576.jpg 768w, https:\/\/sternwarte.jorahm.de\/wp-content\/uploads\/2020\/03\/P3230019_DxO.jpg 1152w\" sizes=\"(max-width: 1024px) 100vw, 1024px\" \/><\/figure>\n","protected":false},"excerpt":{"rendered":"<p>Die Astronomie ist eine der \u00e4ltesten &#8211; vielleicht sogar die \u00e4lteste Wissenschaft der Menschheit. Den Lauf der Sterne und Planeten beobachteten die Astronomen schon immer mit gr\u00f6\u00dfter Sorgfalt. Bereits vor 4000 Jahren konnten die \u00c4gypter eine Sonnenfinsternis vorhersagen!Eine gro\u00dfe Wende kam mit der Erfindung optischer Ger\u00e4te. Als Galileo Galilei vor 400 Jahren erstmals ein 2 &#8230; <\/p>\n<p class=\"read-more-container\"><a title=\"Sternwarte\" class=\"read-more button\" href=\"https:\/\/sternwarte.jorahm.de\/index.php\/sternwarte\/#more-56\">Read more<span class=\"screen-reader-text\">Sternwarte<\/span><\/a><\/p>\n","protected":false},"author":1,"featured_media":0,"parent":0,"menu_order":0,"comment_status":"closed","ping_status":"closed","template":"","meta":{"footnotes":""},"class_list":["post-56","page","type-page","status-publish"],"yoast_head":"<!-- This site is optimized with the Yoast SEO plugin v27.3 - https:\/\/yoast.com\/product\/yoast-seo-wordpress\/ -->\n<title>Sternwarte - JoRa VST<\/title>\n<meta name=\"robots\" content=\"index, follow, max-snippet:-1, max-image-preview:large, max-video-preview:-1\" \/>\n<link rel=\"canonical\" href=\"https:\/\/sternwarte.jorahm.de\/index.php\/sternwarte\/\" \/>\n<meta property=\"og:locale\" content=\"de_DE\" \/>\n<meta property=\"og:type\" content=\"article\" \/>\n<meta property=\"og:title\" content=\"Sternwarte - JoRa VST\" \/>\n<meta property=\"og:description\" content=\"Die Astronomie ist eine der \u00e4ltesten &#8211; vielleicht sogar die \u00e4lteste Wissenschaft der Menschheit. Den Lauf der Sterne und Planeten beobachteten die Astronomen schon immer mit gr\u00f6\u00dfter Sorgfalt. Bereits vor 4000 Jahren konnten die \u00c4gypter eine Sonnenfinsternis vorhersagen!Eine gro\u00dfe Wende kam mit der Erfindung optischer Ger\u00e4te. Als Galileo Galilei vor 400 Jahren erstmals ein 2 ... Read moreSternwarte\" \/>\n<meta property=\"og:url\" content=\"https:\/\/sternwarte.jorahm.de\/index.php\/sternwarte\/\" \/>\n<meta property=\"og:site_name\" content=\"JoRa VST\" \/>\n<meta property=\"article:modified_time\" content=\"2020-03-30T09:52:24+00:00\" \/>\n<meta property=\"og:image\" content=\"https:\/\/sternwarte.jorahm.de\/wp-content\/uploads\/2020\/03\/P3230014_DxO-1024x768.jpg\" \/>\n<meta name=\"twitter:card\" content=\"summary_large_image\" \/>\n<meta name=\"twitter:label1\" content=\"Gesch\u00e4tzte Lesezeit\" \/>\n\t<meta name=\"twitter:data1\" content=\"2\u00a0Minuten\" \/>\n<script type=\"application\/ld+json\" class=\"yoast-schema-graph\">{\"@context\":\"https:\\\/\\\/schema.org\",\"@graph\":[{\"@type\":\"WebPage\",\"@id\":\"https:\\\/\\\/sternwarte.jorahm.de\\\/index.php\\\/sternwarte\\\/\",\"url\":\"https:\\\/\\\/sternwarte.jorahm.de\\\/index.php\\\/sternwarte\\\/\",\"name\":\"Sternwarte - JoRa VST\",\"isPartOf\":{\"@id\":\"https:\\\/\\\/sternwarte.jorahm.de\\\/#website\"},\"primaryImageOfPage\":{\"@id\":\"https:\\\/\\\/sternwarte.jorahm.de\\\/index.php\\\/sternwarte\\\/#primaryimage\"},\"image\":{\"@id\":\"https:\\\/\\\/sternwarte.jorahm.de\\\/index.php\\\/sternwarte\\\/#primaryimage\"},\"thumbnailUrl\":\"https:\\\/\\\/sternwarte.jorahm.de\\\/wp-content\\\/uploads\\\/2020\\\/03\\\/P3230014_DxO-1024x768.jpg\",\"datePublished\":\"2020-03-09T14:51:50+00:00\",\"dateModified\":\"2020-03-30T09:52:24+00:00\",\"breadcrumb\":{\"@id\":\"https:\\\/\\\/sternwarte.jorahm.de\\\/index.php\\\/sternwarte\\\/#breadcrumb\"},\"inLanguage\":\"de\",\"potentialAction\":[{\"@type\":\"ReadAction\",\"target\":[\"https:\\\/\\\/sternwarte.jorahm.de\\\/index.php\\\/sternwarte\\\/\"]}]},{\"@type\":\"ImageObject\",\"inLanguage\":\"de\",\"@id\":\"https:\\\/\\\/sternwarte.jorahm.de\\\/index.php\\\/sternwarte\\\/#primaryimage\",\"url\":\"https:\\\/\\\/sternwarte.jorahm.de\\\/wp-content\\\/uploads\\\/2020\\\/03\\\/P3230014_DxO.jpg\",\"contentUrl\":\"https:\\\/\\\/sternwarte.jorahm.de\\\/wp-content\\\/uploads\\\/2020\\\/03\\\/P3230014_DxO.jpg\",\"width\":1152,\"height\":864},{\"@type\":\"BreadcrumbList\",\"@id\":\"https:\\\/\\\/sternwarte.jorahm.de\\\/index.php\\\/sternwarte\\\/#breadcrumb\",\"itemListElement\":[{\"@type\":\"ListItem\",\"position\":1,\"name\":\"Home\",\"item\":\"https:\\\/\\\/sternwarte.jorahm.de\\\/\"},{\"@type\":\"ListItem\",\"position\":2,\"name\":\"Sternwarte\"}]},{\"@type\":\"WebSite\",\"@id\":\"https:\\\/\\\/sternwarte.jorahm.de\\\/#website\",\"url\":\"https:\\\/\\\/sternwarte.jorahm.de\\\/\",\"name\":\"JoRa VST\",\"description\":\"Joachim Rahm Very Small Telescope\",\"potentialAction\":[{\"@type\":\"SearchAction\",\"target\":{\"@type\":\"EntryPoint\",\"urlTemplate\":\"https:\\\/\\\/sternwarte.jorahm.de\\\/?s={search_term_string}\"},\"query-input\":{\"@type\":\"PropertyValueSpecification\",\"valueRequired\":true,\"valueName\":\"search_term_string\"}}],\"inLanguage\":\"de\"}]}<\/script>\n<!-- \/ Yoast SEO plugin. -->","yoast_head_json":{"title":"Sternwarte - JoRa VST","robots":{"index":"index","follow":"follow","max-snippet":"max-snippet:-1","max-image-preview":"max-image-preview:large","max-video-preview":"max-video-preview:-1"},"canonical":"https:\/\/sternwarte.jorahm.de\/index.php\/sternwarte\/","og_locale":"de_DE","og_type":"article","og_title":"Sternwarte - JoRa VST","og_description":"Die Astronomie ist eine der \u00e4ltesten &#8211; vielleicht sogar die \u00e4lteste Wissenschaft der Menschheit. Den Lauf der Sterne und Planeten beobachteten die Astronomen schon immer mit gr\u00f6\u00dfter Sorgfalt. Bereits vor 4000 Jahren konnten die \u00c4gypter eine Sonnenfinsternis vorhersagen!Eine gro\u00dfe Wende kam mit der Erfindung optischer Ger\u00e4te. Als Galileo Galilei vor 400 Jahren erstmals ein 2 ... Read moreSternwarte","og_url":"https:\/\/sternwarte.jorahm.de\/index.php\/sternwarte\/","og_site_name":"JoRa VST","article_modified_time":"2020-03-30T09:52:24+00:00","og_image":[{"url":"https:\/\/sternwarte.jorahm.de\/wp-content\/uploads\/2020\/03\/P3230014_DxO-1024x768.jpg","type":"","width":"","height":""}],"twitter_card":"summary_large_image","twitter_misc":{"Gesch\u00e4tzte Lesezeit":"2\u00a0Minuten"},"schema":{"@context":"https:\/\/schema.org","@graph":[{"@type":"WebPage","@id":"https:\/\/sternwarte.jorahm.de\/index.php\/sternwarte\/","url":"https:\/\/sternwarte.jorahm.de\/index.php\/sternwarte\/","name":"Sternwarte - JoRa VST","isPartOf":{"@id":"https:\/\/sternwarte.jorahm.de\/#website"},"primaryImageOfPage":{"@id":"https:\/\/sternwarte.jorahm.de\/index.php\/sternwarte\/#primaryimage"},"image":{"@id":"https:\/\/sternwarte.jorahm.de\/index.php\/sternwarte\/#primaryimage"},"thumbnailUrl":"https:\/\/sternwarte.jorahm.de\/wp-content\/uploads\/2020\/03\/P3230014_DxO-1024x768.jpg","datePublished":"2020-03-09T14:51:50+00:00","dateModified":"2020-03-30T09:52:24+00:00","breadcrumb":{"@id":"https:\/\/sternwarte.jorahm.de\/index.php\/sternwarte\/#breadcrumb"},"inLanguage":"de","potentialAction":[{"@type":"ReadAction","target":["https:\/\/sternwarte.jorahm.de\/index.php\/sternwarte\/"]}]},{"@type":"ImageObject","inLanguage":"de","@id":"https:\/\/sternwarte.jorahm.de\/index.php\/sternwarte\/#primaryimage","url":"https:\/\/sternwarte.jorahm.de\/wp-content\/uploads\/2020\/03\/P3230014_DxO.jpg","contentUrl":"https:\/\/sternwarte.jorahm.de\/wp-content\/uploads\/2020\/03\/P3230014_DxO.jpg","width":1152,"height":864},{"@type":"BreadcrumbList","@id":"https:\/\/sternwarte.jorahm.de\/index.php\/sternwarte\/#breadcrumb","itemListElement":[{"@type":"ListItem","position":1,"name":"Home","item":"https:\/\/sternwarte.jorahm.de\/"},{"@type":"ListItem","position":2,"name":"Sternwarte"}]},{"@type":"WebSite","@id":"https:\/\/sternwarte.jorahm.de\/#website","url":"https:\/\/sternwarte.jorahm.de\/","name":"JoRa VST","description":"Joachim Rahm Very Small Telescope","potentialAction":[{"@type":"SearchAction","target":{"@type":"EntryPoint","urlTemplate":"https:\/\/sternwarte.jorahm.de\/?s={search_term_string}"},"query-input":{"@type":"PropertyValueSpecification","valueRequired":true,"valueName":"search_term_string"}}],"inLanguage":"de"}]}},"_links":{"self":[{"href":"https:\/\/sternwarte.jorahm.de\/index.php\/wp-json\/wp\/v2\/page\/56","targetHints":{"allow":["GET"]}}],"collection":[{"href":"https:\/\/sternwarte.jorahm.de\/index.php\/wp-json\/wp\/v2\/page"}],"about":[{"href":"https:\/\/sternwarte.jorahm.de\/index.php\/wp-json\/wp\/v2\/types\/page"}],"author":[{"embeddable":true,"href":"https:\/\/sternwarte.jorahm.de\/index.php\/wp-json\/wp\/v2\/users\/1"}],"replies":[{"embeddable":true,"href":"https:\/\/sternwarte.jorahm.de\/index.php\/wp-json\/wp\/v2\/comments?post=56"}],"version-history":[{"count":6,"href":"https:\/\/sternwarte.jorahm.de\/index.php\/wp-json\/wp\/v2\/page\/56\/revisions"}],"predecessor-version":[{"id":268,"href":"https:\/\/sternwarte.jorahm.de\/index.php\/wp-json\/wp\/v2\/page\/56\/revisions\/268"}],"wp:attachment":[{"href":"https:\/\/sternwarte.jorahm.de\/index.php\/wp-json\/wp\/v2\/media?parent=56"}],"curies":[{"name":"wp","href":"https:\/\/api.w.org\/{rel}","templated":true}]}}