{"id":59,"date":"2020-03-09T16:04:24","date_gmt":"2020-03-09T15:04:24","guid":{"rendered":"https:\/\/sternwarte.jorahm.de\/?page_id=59"},"modified":"2020-04-01T16:32:45","modified_gmt":"2020-04-01T14:32:45","slug":"equipment","status":"publish","type":"page","link":"https:\/\/sternwarte.jorahm.de\/index.php\/equipment\/","title":{"rendered":"Equipment"},"content":{"rendered":"\n<h3 class=\"wp-block-heading\"> Astro Physics AP1200 <\/h3>\n\n\n\n<div class=\"wp-block-media-text alignwide is-vertically-aligned-top\"><figure class=\"wp-block-media-text__media\"><img fetchpriority=\"high\" decoding=\"async\" width=\"737\" height=\"785\" src=\"https:\/\/sternwarte.jorahm.de\/wp-content\/uploads\/2020\/03\/P3230008b_DxO.jpg\" alt=\"AP1200\" class=\"wp-image-276\" srcset=\"https:\/\/sternwarte.jorahm.de\/wp-content\/uploads\/2020\/03\/P3230008b_DxO.jpg 737w, https:\/\/sternwarte.jorahm.de\/wp-content\/uploads\/2020\/03\/P3230008b_DxO-282x300.jpg 282w\" sizes=\"(max-width: 737px) 100vw, 737px\" \/><\/figure><div class=\"wp-block-media-text__content\">\n<p class=\"has-normal-font-size\"> Astro Physics sind Montierungen der Spitzenklasse. Die AP1200 ist einparallaktische Montierung mit Servo-Drive Motoren, GoTo Computer System mit PC-Interface. Sie besitzt eine Tragkraft von ca. 70Kg und ist \u00e4u\u00dferst stabil und steif. <\/p>\n\n\n\n<p> Mit PEC weist mein Exemplar einen periodischen Fehler von nur 3 Bogensekunden auf.<a href=\"http:\/\/www.baader-planetarium.de\/montierungen\/htm\/ap-start.htm\"><br>Weitere Info<\/a> <\/p>\n<\/div><\/div>\n\n\n\n<div style=\"height:100px\" aria-hidden=\"true\" class=\"wp-block-spacer\"><\/div>\n\n\n\n<h2 class=\"wp-block-heading\">Optiken<\/h2>\n\n\n\n<h3 class=\"wp-block-heading\">Orion 12 Zoll ODK<\/h3>\n\n\n\n<div class=\"wp-block-media-text alignwide is-vertically-aligned-top\"><figure class=\"wp-block-media-text__media\"><img decoding=\"async\" width=\"315\" height=\"337\" src=\"https:\/\/sternwarte.jorahm.de\/wp-content\/uploads\/2020\/03\/P3230018b_DxO.jpg\" alt=\"12&quot; ODK\" class=\"wp-image-279\" srcset=\"https:\/\/sternwarte.jorahm.de\/wp-content\/uploads\/2020\/03\/P3230018b_DxO.jpg 315w, https:\/\/sternwarte.jorahm.de\/wp-content\/uploads\/2020\/03\/P3230018b_DxO-280x300.jpg 280w\" sizes=\"(max-width: 315px) 100vw, 315px\" \/><\/figure><div class=\"wp-block-media-text__content\">\n<p class=\"has-normal-font-size\">  300mm F\/6,8 &#8211; f\u00fcr Astrofotografie optimierter Dall Kirkham, Brennweite 2040mm, Carbontubus, 3&#8243; Seletek Focuser mit Schrittmotor, aktive Hauptspiegell\u00fcftung,Flatfieldkorrektor, 50mm nutzbares, korrigiertes Feld f\u00fcr gro\u00dfe CCD-Chips, Spotdurchmesser am Rand &lt; 5,6\u00b5m<br><a href=\"http:\/\/www.teleskop-express.de\/shop\/product_info.php\/info\/p2575_Orion-UK-ODK12---12--F-6-8-optimierter-Dall-Kirkham-Flat-Field.html\">Weitere Info<\/a>  <\/p>\n<\/div><\/div>\n\n\n\n<div style=\"height:100px\" aria-hidden=\"true\" class=\"wp-block-spacer\"><\/div>\n\n\n\n<h3 class=\"wp-block-heading\">Meade 8&#8220; LX200R<\/h3>\n\n\n\n<div class=\"wp-block-media-text alignwide is-vertically-aligned-top\"><figure class=\"wp-block-media-text__media\"><img decoding=\"async\" width=\"1024\" height=\"768\" src=\"https:\/\/sternwarte.jorahm.de\/wp-content\/uploads\/2020\/03\/P3230013_DxO-1024x768.jpg\" alt=\"\" class=\"wp-image-249\" srcset=\"https:\/\/sternwarte.jorahm.de\/wp-content\/uploads\/2020\/03\/P3230013_DxO-1024x768.jpg 1024w, https:\/\/sternwarte.jorahm.de\/wp-content\/uploads\/2020\/03\/P3230013_DxO-300x225.jpg 300w, https:\/\/sternwarte.jorahm.de\/wp-content\/uploads\/2020\/03\/P3230013_DxO-768x576.jpg 768w, https:\/\/sternwarte.jorahm.de\/wp-content\/uploads\/2020\/03\/P3230013_DxO.jpg 1152w\" sizes=\"(max-width: 1024px) 100vw, 1024px\" \/><\/figure><div class=\"wp-block-media-text__content\">\n<p class=\"has-normal-font-size\"> Advanced Ritchey-Chr\u00e9tien Teleskop<br>UHTC-Verg\u00fctung<br>Hauptspiegelfixierung<br>Haupt- und Fangspiegel Pyrex\u00ae Glas Grade A<br>ebenes korrigiertes Bildfeld<br>2000mm Brennweite<br>mit Reducer 1360mm Brennweite<br>&#8222;Zero-Image-Shift&#8220; Mikrofokussierer <\/p>\n\n\n\n<p> <a rel=\"noreferrer noopener\" href=\"http:\/\/www.astroshop.de\/meade-teleskop-acf-sc-203-2034-8--uhtc-lx90-goto\/p,12919\" target=\"_blank\">Weitere Info<\/a> <\/p>\n<\/div><\/div>\n\n\n\n<div style=\"height:100px\" aria-hidden=\"true\" class=\"wp-block-spacer\"><\/div>\n\n\n\n<h3 class=\"wp-block-heading\"> ED APO 80 mm <\/h3>\n\n\n\n<div class=\"wp-block-media-text alignwide is-vertically-aligned-top\"><figure class=\"wp-block-media-text__media\"><img loading=\"lazy\" decoding=\"async\" width=\"1024\" height=\"768\" src=\"https:\/\/sternwarte.jorahm.de\/wp-content\/uploads\/2020\/03\/P3230012_DxO-1024x768.jpg\" alt=\"APO\" class=\"wp-image-248\" srcset=\"https:\/\/sternwarte.jorahm.de\/wp-content\/uploads\/2020\/03\/P3230012_DxO-1024x768.jpg 1024w, https:\/\/sternwarte.jorahm.de\/wp-content\/uploads\/2020\/03\/P3230012_DxO-300x225.jpg 300w, https:\/\/sternwarte.jorahm.de\/wp-content\/uploads\/2020\/03\/P3230012_DxO-768x576.jpg 768w, https:\/\/sternwarte.jorahm.de\/wp-content\/uploads\/2020\/03\/P3230012_DxO.jpg 1152w\" sizes=\"(max-width: 1024px) 100vw, 1024px\" \/><\/figure><div class=\"wp-block-media-text__content\">\n<p class=\"has-normal-font-size\">80mm f7 ED Apo Refraktor 560 mm Brennweite. Teleskop mit verbesserter Abbildung durch ED Objektiv und 2,5&#8243; Zahntriebauszug f\u00fcr Astrofotografie und Beobachtung. <\/p>\n\n\n\n<p>Als Bildfeldebner wird ein TeleVue 0,8x Flattener\/Reducer\u00a0und ein TS PHOTOLINE 1,0x 2&#8243;-Flattener eingesetzt.<\/p>\n<\/div><\/div>\n\n\n\n<div style=\"height:100px\" aria-hidden=\"true\" class=\"wp-block-spacer\"><\/div>\n\n\n\n<h2 class=\"wp-block-heading\">Kameras<\/h2>\n\n\n\n<h3 class=\"wp-block-heading\"> QSI 660wsg-8 <\/h3>\n\n\n\n<div class=\"wp-block-media-text alignwide is-vertically-aligned-top\"><figure class=\"wp-block-media-text__media\"><img loading=\"lazy\" decoding=\"async\" width=\"944\" height=\"864\" src=\"https:\/\/sternwarte.jorahm.de\/wp-content\/uploads\/2020\/03\/P3230010b_DxO.jpg\" alt=\"QSI\" class=\"wp-image-277\" srcset=\"https:\/\/sternwarte.jorahm.de\/wp-content\/uploads\/2020\/03\/P3230010b_DxO.jpg 944w, https:\/\/sternwarte.jorahm.de\/wp-content\/uploads\/2020\/03\/P3230010b_DxO-300x275.jpg 300w, https:\/\/sternwarte.jorahm.de\/wp-content\/uploads\/2020\/03\/P3230010b_DxO-768x703.jpg 768w\" sizes=\"(max-width: 944px) 100vw, 944px\" \/><\/figure><div class=\"wp-block-media-text__content\">\n<p class=\"has-normal-font-size\">Bei der QSI (Quantum Scientific Imaging) 660wsg-8 handelt es sich um eine umfassend ausgestattete High-End CCD-Kamera. Neben dem verbauten Sony Sensor ICX694 mit einer max. Quanteneffizienz von \u00fcber 75% hat die Kamera ein im Aluminiumgeh\u00e4use integriertes 8 Positionen Filterrad, welches selbst bei schnellen optischen Systemen ein unvignettiertes Bild erlaubt. Direkt anschlie\u00dfend an das Filterrad befindet sich ein Off-Axis Guider. Ein leistungsstarkes zweistufiges Peltiersystem erm\u00f6glicht eine Sensork\u00fchlung von max. 45\u00b0C unter der Umgebungstemperatur.<\/p>\n<\/div><\/div>\n\n\n\n<div style=\"height:100px\" aria-hidden=\"true\" class=\"wp-block-spacer\"><\/div>\n\n\n\n<h3 class=\"wp-block-heading\">ZWO ASI120MM  <\/h3>\n\n\n\n<p>Die ZW Optical Kamera ist eine sehr empfindliche CMOS-Kamera mit hoher Bildrate. Sie wird f\u00fcr Mond und Planeten-Fotographie eingesetzt.<\/p>\n\n\n\n<div style=\"height:100px\" aria-hidden=\"true\" class=\"wp-block-spacer\"><\/div>\n\n\n\n<h3 class=\"wp-block-heading\">Olympus OM-D E-M10 <\/h3>\n\n\n\n<p>Die Olympus wird gelegentlich eingesetzt f\u00fcr Gro\u00dffeldaufnahmen, Kometen und besondere Situationen, bei eine Farbkamera geeigneter ist.  <\/p>\n\n\n\n<div style=\"height:100px\" aria-hidden=\"true\" class=\"wp-block-spacer\"><\/div>\n\n\n\n<h2 class=\"wp-block-heading\">Guiding<\/h2>\n\n\n\n<h3 class=\"wp-block-heading\">Starlight Xpress Lodestar<\/h3>\n\n\n\n<p>hochempfindlicher SONY ICX429AL Chip<br>752&#215;580 Pixel &#8211; Pixelgr\u00f6\u00dfe 8,2\u00b5m x 8,4\u00b5m<\/p>\n\n\n\n<h3 class=\"wp-block-heading\">Mitsuboshi Off-Axis Guider<\/h3>\n\n\n\n<p>solider, gut durchdachter Off-Axis Guider f\u00fcr full-frame Chips<\/p>\n\n\n\n<div style=\"height:100px\" aria-hidden=\"true\" class=\"wp-block-spacer\"><\/div>\n\n\n\n<h2 class=\"wp-block-heading\">Software<\/h2>\n\n\n\n<ul class=\"wp-block-list\"><li> JoRa VST Control Selbsterstellte Software zur Steuerung des Observatoriums <\/li><li>PHD-Guiding  <\/li><li>PixInsight<\/li><\/ul>\n\n\n\n<p><\/p>\n","protected":false},"excerpt":{"rendered":"<p>Astro Physics AP1200 Astro Physics sind Montierungen der Spitzenklasse. Die AP1200 ist einparallaktische Montierung mit Servo-Drive Motoren, GoTo Computer System mit PC-Interface. Sie besitzt eine Tragkraft von ca. 70Kg und ist \u00e4u\u00dferst stabil und steif. Mit PEC weist mein Exemplar einen periodischen Fehler von nur 3 Bogensekunden auf.Weitere Info Optiken Orion 12 Zoll ODK 300mm &#8230; <\/p>\n<p class=\"read-more-container\"><a title=\"Equipment\" class=\"read-more button\" href=\"https:\/\/sternwarte.jorahm.de\/index.php\/equipment\/#more-59\">Read more<span class=\"screen-reader-text\">Equipment<\/span><\/a><\/p>\n","protected":false},"author":1,"featured_media":0,"parent":0,"menu_order":0,"comment_status":"closed","ping_status":"closed","template":"","meta":{"footnotes":""},"class_list":["post-59","page","type-page","status-publish"],"yoast_head":"<!-- This site is optimized with the Yoast SEO plugin v27.5 - https:\/\/yoast.com\/product\/yoast-seo-wordpress\/ -->\n<title>Equipment - JoRa VST<\/title>\n<meta name=\"robots\" content=\"index, follow, max-snippet:-1, max-image-preview:large, max-video-preview:-1\" \/>\n<link rel=\"canonical\" href=\"https:\/\/sternwarte.jorahm.de\/index.php\/equipment\/\" \/>\n<meta property=\"og:locale\" content=\"de_DE\" \/>\n<meta property=\"og:type\" content=\"article\" \/>\n<meta property=\"og:title\" content=\"Equipment - JoRa VST\" \/>\n<meta property=\"og:description\" content=\"Astro Physics AP1200 Astro Physics sind Montierungen der Spitzenklasse. Die AP1200 ist einparallaktische Montierung mit Servo-Drive Motoren, GoTo Computer System mit PC-Interface. Sie besitzt eine Tragkraft von ca. 70Kg und ist \u00e4u\u00dferst stabil und steif. Mit PEC weist mein Exemplar einen periodischen Fehler von nur 3 Bogensekunden auf.Weitere Info Optiken Orion 12 Zoll ODK 300mm ... Read moreEquipment\" \/>\n<meta property=\"og:url\" content=\"https:\/\/sternwarte.jorahm.de\/index.php\/equipment\/\" \/>\n<meta property=\"og:site_name\" content=\"JoRa VST\" \/>\n<meta property=\"article:modified_time\" content=\"2020-04-01T14:32:45+00:00\" \/>\n<meta property=\"og:image\" content=\"https:\/\/sternwarte.jorahm.de\/wp-content\/uploads\/2020\/03\/P3230008b_DxO.jpg\" \/>\n<meta name=\"twitter:card\" content=\"summary_large_image\" \/>\n<meta name=\"twitter:label1\" content=\"Gesch\u00e4tzte Lesezeit\" \/>\n\t<meta name=\"twitter:data1\" content=\"2\u00a0Minuten\" \/>\n<script type=\"application\/ld+json\" class=\"yoast-schema-graph\">{\"@context\":\"https:\\\/\\\/schema.org\",\"@graph\":[{\"@type\":\"WebPage\",\"@id\":\"https:\\\/\\\/sternwarte.jorahm.de\\\/index.php\\\/equipment\\\/\",\"url\":\"https:\\\/\\\/sternwarte.jorahm.de\\\/index.php\\\/equipment\\\/\",\"name\":\"Equipment - JoRa VST\",\"isPartOf\":{\"@id\":\"https:\\\/\\\/sternwarte.jorahm.de\\\/#website\"},\"primaryImageOfPage\":{\"@id\":\"https:\\\/\\\/sternwarte.jorahm.de\\\/index.php\\\/equipment\\\/#primaryimage\"},\"image\":{\"@id\":\"https:\\\/\\\/sternwarte.jorahm.de\\\/index.php\\\/equipment\\\/#primaryimage\"},\"thumbnailUrl\":\"https:\\\/\\\/sternwarte.jorahm.de\\\/wp-content\\\/uploads\\\/2020\\\/03\\\/P3230008b_DxO.jpg\",\"datePublished\":\"2020-03-09T15:04:24+00:00\",\"dateModified\":\"2020-04-01T14:32:45+00:00\",\"breadcrumb\":{\"@id\":\"https:\\\/\\\/sternwarte.jorahm.de\\\/index.php\\\/equipment\\\/#breadcrumb\"},\"inLanguage\":\"de\",\"potentialAction\":[{\"@type\":\"ReadAction\",\"target\":[\"https:\\\/\\\/sternwarte.jorahm.de\\\/index.php\\\/equipment\\\/\"]}]},{\"@type\":\"ImageObject\",\"inLanguage\":\"de\",\"@id\":\"https:\\\/\\\/sternwarte.jorahm.de\\\/index.php\\\/equipment\\\/#primaryimage\",\"url\":\"https:\\\/\\\/sternwarte.jorahm.de\\\/wp-content\\\/uploads\\\/2020\\\/03\\\/P3230008b_DxO.jpg\",\"contentUrl\":\"https:\\\/\\\/sternwarte.jorahm.de\\\/wp-content\\\/uploads\\\/2020\\\/03\\\/P3230008b_DxO.jpg\",\"width\":737,\"height\":785,\"caption\":\"AP1200\"},{\"@type\":\"BreadcrumbList\",\"@id\":\"https:\\\/\\\/sternwarte.jorahm.de\\\/index.php\\\/equipment\\\/#breadcrumb\",\"itemListElement\":[{\"@type\":\"ListItem\",\"position\":1,\"name\":\"Home\",\"item\":\"https:\\\/\\\/sternwarte.jorahm.de\\\/\"},{\"@type\":\"ListItem\",\"position\":2,\"name\":\"Equipment\"}]},{\"@type\":\"WebSite\",\"@id\":\"https:\\\/\\\/sternwarte.jorahm.de\\\/#website\",\"url\":\"https:\\\/\\\/sternwarte.jorahm.de\\\/\",\"name\":\"JoRa VST\",\"description\":\"Joachim Rahm Very Small Telescope\",\"potentialAction\":[{\"@type\":\"SearchAction\",\"target\":{\"@type\":\"EntryPoint\",\"urlTemplate\":\"https:\\\/\\\/sternwarte.jorahm.de\\\/?s={search_term_string}\"},\"query-input\":{\"@type\":\"PropertyValueSpecification\",\"valueRequired\":true,\"valueName\":\"search_term_string\"}}],\"inLanguage\":\"de\"}]}<\/script>\n<!-- \/ Yoast SEO plugin. -->","yoast_head_json":{"title":"Equipment - JoRa VST","robots":{"index":"index","follow":"follow","max-snippet":"max-snippet:-1","max-image-preview":"max-image-preview:large","max-video-preview":"max-video-preview:-1"},"canonical":"https:\/\/sternwarte.jorahm.de\/index.php\/equipment\/","og_locale":"de_DE","og_type":"article","og_title":"Equipment - JoRa VST","og_description":"Astro Physics AP1200 Astro Physics sind Montierungen der Spitzenklasse. Die AP1200 ist einparallaktische Montierung mit Servo-Drive Motoren, GoTo Computer System mit PC-Interface. Sie besitzt eine Tragkraft von ca. 70Kg und ist \u00e4u\u00dferst stabil und steif. Mit PEC weist mein Exemplar einen periodischen Fehler von nur 3 Bogensekunden auf.Weitere Info Optiken Orion 12 Zoll ODK 300mm ... Read moreEquipment","og_url":"https:\/\/sternwarte.jorahm.de\/index.php\/equipment\/","og_site_name":"JoRa VST","article_modified_time":"2020-04-01T14:32:45+00:00","og_image":[{"url":"https:\/\/sternwarte.jorahm.de\/wp-content\/uploads\/2020\/03\/P3230008b_DxO.jpg","type":"","width":"","height":""}],"twitter_card":"summary_large_image","twitter_misc":{"Gesch\u00e4tzte Lesezeit":"2\u00a0Minuten"},"schema":{"@context":"https:\/\/schema.org","@graph":[{"@type":"WebPage","@id":"https:\/\/sternwarte.jorahm.de\/index.php\/equipment\/","url":"https:\/\/sternwarte.jorahm.de\/index.php\/equipment\/","name":"Equipment - JoRa VST","isPartOf":{"@id":"https:\/\/sternwarte.jorahm.de\/#website"},"primaryImageOfPage":{"@id":"https:\/\/sternwarte.jorahm.de\/index.php\/equipment\/#primaryimage"},"image":{"@id":"https:\/\/sternwarte.jorahm.de\/index.php\/equipment\/#primaryimage"},"thumbnailUrl":"https:\/\/sternwarte.jorahm.de\/wp-content\/uploads\/2020\/03\/P3230008b_DxO.jpg","datePublished":"2020-03-09T15:04:24+00:00","dateModified":"2020-04-01T14:32:45+00:00","breadcrumb":{"@id":"https:\/\/sternwarte.jorahm.de\/index.php\/equipment\/#breadcrumb"},"inLanguage":"de","potentialAction":[{"@type":"ReadAction","target":["https:\/\/sternwarte.jorahm.de\/index.php\/equipment\/"]}]},{"@type":"ImageObject","inLanguage":"de","@id":"https:\/\/sternwarte.jorahm.de\/index.php\/equipment\/#primaryimage","url":"https:\/\/sternwarte.jorahm.de\/wp-content\/uploads\/2020\/03\/P3230008b_DxO.jpg","contentUrl":"https:\/\/sternwarte.jorahm.de\/wp-content\/uploads\/2020\/03\/P3230008b_DxO.jpg","width":737,"height":785,"caption":"AP1200"},{"@type":"BreadcrumbList","@id":"https:\/\/sternwarte.jorahm.de\/index.php\/equipment\/#breadcrumb","itemListElement":[{"@type":"ListItem","position":1,"name":"Home","item":"https:\/\/sternwarte.jorahm.de\/"},{"@type":"ListItem","position":2,"name":"Equipment"}]},{"@type":"WebSite","@id":"https:\/\/sternwarte.jorahm.de\/#website","url":"https:\/\/sternwarte.jorahm.de\/","name":"JoRa VST","description":"Joachim Rahm Very Small Telescope","potentialAction":[{"@type":"SearchAction","target":{"@type":"EntryPoint","urlTemplate":"https:\/\/sternwarte.jorahm.de\/?s={search_term_string}"},"query-input":{"@type":"PropertyValueSpecification","valueRequired":true,"valueName":"search_term_string"}}],"inLanguage":"de"}]}},"_links":{"self":[{"href":"https:\/\/sternwarte.jorahm.de\/index.php\/wp-json\/wp\/v2\/page\/59","targetHints":{"allow":["GET"]}}],"collection":[{"href":"https:\/\/sternwarte.jorahm.de\/index.php\/wp-json\/wp\/v2\/page"}],"about":[{"href":"https:\/\/sternwarte.jorahm.de\/index.php\/wp-json\/wp\/v2\/types\/page"}],"author":[{"embeddable":true,"href":"https:\/\/sternwarte.jorahm.de\/index.php\/wp-json\/wp\/v2\/users\/1"}],"replies":[{"embeddable":true,"href":"https:\/\/sternwarte.jorahm.de\/index.php\/wp-json\/wp\/v2\/comments?post=59"}],"version-history":[{"count":23,"href":"https:\/\/sternwarte.jorahm.de\/index.php\/wp-json\/wp\/v2\/page\/59\/revisions"}],"predecessor-version":[{"id":328,"href":"https:\/\/sternwarte.jorahm.de\/index.php\/wp-json\/wp\/v2\/page\/59\/revisions\/328"}],"wp:attachment":[{"href":"https:\/\/sternwarte.jorahm.de\/index.php\/wp-json\/wp\/v2\/media?parent=59"}],"curies":[{"name":"wp","href":"https:\/\/api.w.org\/{rel}","templated":true}]}}