{"id":6,"date":"2020-03-09T09:52:35","date_gmt":"2020-03-09T08:52:35","guid":{"rendered":"https:\/\/sternwarte.jorahm.de\/?page_id=6"},"modified":"2020-12-21T16:45:49","modified_gmt":"2020-12-21T15:45:49","slug":"joravst","status":"publish","type":"page","link":"https:\/\/sternwarte.jorahm.de\/","title":{"rendered":"JoRa VST"},"content":{"rendered":"\n<div class=\"wp-block-image\"><figure class=\"aligncenter size-full is-resized\"><img fetchpriority=\"high\" decoding=\"async\" src=\"https:\/\/sternwarte.jorahm.de\/wp-content\/uploads\/2020\/03\/JoRa_VST_home2-1-scaled.jpg\" alt=\"JoRa VST Observatorium\" class=\"wp-image-32\" width=\"2560\" height=\"1920\" srcset=\"https:\/\/sternwarte.jorahm.de\/wp-content\/uploads\/2020\/03\/JoRa_VST_home2-1-scaled.jpg 2560w, https:\/\/sternwarte.jorahm.de\/wp-content\/uploads\/2020\/03\/JoRa_VST_home2-1-300x225.jpg 300w, https:\/\/sternwarte.jorahm.de\/wp-content\/uploads\/2020\/03\/JoRa_VST_home2-1-1024x768.jpg 1024w, https:\/\/sternwarte.jorahm.de\/wp-content\/uploads\/2020\/03\/JoRa_VST_home2-1-768x576.jpg 768w, https:\/\/sternwarte.jorahm.de\/wp-content\/uploads\/2020\/03\/JoRa_VST_home2-1-1536x1152.jpg 1536w, https:\/\/sternwarte.jorahm.de\/wp-content\/uploads\/2020\/03\/JoRa_VST_home2-1-2048x1536.jpg 2048w\" sizes=\"(max-width: 2560px) 100vw, 2560px\" \/><\/figure><\/div>\n\n\n\n<p> <\/p>\n\n\n\n<p> Das JoRa VST ist eine kleine private Sternwarte, welche sich haupts\u00e4chlich der Astrofotografie widmet.<br>Mit der Namensgebung JoRa VST (Very Small Telescope) soll demonstrieren werden, dass der gegenw\u00e4rtige Trend auch bei Amateurastronomen, sich immer gr\u00f6\u00dfere Optiken zu beschaffen, in den mitteleurop\u00e4ischen Breiten zumindest f\u00fcr die Astrofotografie nicht notwendig, m.E. sogar unsinnig ist. Ich m\u00f6chte ermuntern auch mit dem kleinsten Fernrohr das faszinierende Weltall zu beobachten und \/ oder sogar zu fotografieren.<\/p>\n","protected":false},"excerpt":{"rendered":"<p>Das JoRa VST ist eine kleine private Sternwarte, welche sich haupts\u00e4chlich der Astrofotografie widmet.Mit der Namensgebung JoRa VST (Very Small Telescope) soll demonstrieren werden, dass der gegenw\u00e4rtige Trend auch bei Amateurastronomen, sich immer gr\u00f6\u00dfere Optiken zu beschaffen, in den mitteleurop\u00e4ischen Breiten zumindest f\u00fcr die Astrofotografie nicht notwendig, m.E. sogar unsinnig ist. Ich m\u00f6chte ermuntern auch &#8230; <\/p>\n<p class=\"read-more-container\"><a title=\"JoRa VST\" class=\"read-more button\" href=\"https:\/\/sternwarte.jorahm.de\/#more-6\">Read more<span class=\"screen-reader-text\">JoRa VST<\/span><\/a><\/p>\n","protected":false},"author":1,"featured_media":0,"parent":0,"menu_order":0,"comment_status":"closed","ping_status":"closed","template":"","meta":{"footnotes":""},"class_list":["post-6","page","type-page","status-publish"],"yoast_head":"<!-- This site is optimized with the Yoast SEO plugin v27.3 - https:\/\/yoast.com\/product\/yoast-seo-wordpress\/ -->\n<title>JoRa VST - JoRa VST %<\/title>\n<meta name=\"robots\" content=\"index, follow, max-snippet:-1, max-image-preview:large, max-video-preview:-1\" \/>\n<link rel=\"canonical\" href=\"https:\/\/sternwarte.jorahm.de\/\" \/>\n<meta property=\"og:locale\" content=\"de_DE\" \/>\n<meta property=\"og:type\" content=\"article\" \/>\n<meta property=\"og:title\" content=\"JoRa VST - JoRa VST %\" \/>\n<meta property=\"og:description\" content=\"Das JoRa VST ist eine kleine private Sternwarte, welche sich haupts\u00e4chlich der Astrofotografie widmet.Mit der Namensgebung JoRa VST (Very Small Telescope) soll demonstrieren werden, dass der gegenw\u00e4rtige Trend auch bei Amateurastronomen, sich immer gr\u00f6\u00dfere Optiken zu beschaffen, in den mitteleurop\u00e4ischen Breiten zumindest f\u00fcr die Astrofotografie nicht notwendig, m.E. sogar unsinnig ist. Ich m\u00f6chte ermuntern auch ... Read moreJoRa VST\" \/>\n<meta property=\"og:url\" content=\"https:\/\/sternwarte.jorahm.de\/\" \/>\n<meta property=\"og:site_name\" content=\"JoRa VST\" \/>\n<meta property=\"article:modified_time\" content=\"2020-12-21T15:45:49+00:00\" \/>\n<meta property=\"og:image\" content=\"https:\/\/sternwarte.jorahm.de\/wp-content\/uploads\/2020\/03\/JoRa_VST_home2-1-scaled.jpg\" \/>\n<meta name=\"twitter:card\" content=\"summary_large_image\" \/>\n<script type=\"application\/ld+json\" class=\"yoast-schema-graph\">{\"@context\":\"https:\\\/\\\/schema.org\",\"@graph\":[{\"@type\":\"WebPage\",\"@id\":\"https:\\\/\\\/sternwarte.jorahm.de\\\/\",\"url\":\"https:\\\/\\\/sternwarte.jorahm.de\\\/\",\"name\":\"JoRa VST - JoRa VST %\",\"isPartOf\":{\"@id\":\"https:\\\/\\\/sternwarte.jorahm.de\\\/#website\"},\"primaryImageOfPage\":{\"@id\":\"https:\\\/\\\/sternwarte.jorahm.de\\\/#primaryimage\"},\"image\":{\"@id\":\"https:\\\/\\\/sternwarte.jorahm.de\\\/#primaryimage\"},\"thumbnailUrl\":\"https:\\\/\\\/sternwarte.jorahm.de\\\/wp-content\\\/uploads\\\/2020\\\/03\\\/JoRa_VST_home2-1-scaled.jpg\",\"datePublished\":\"2020-03-09T08:52:35+00:00\",\"dateModified\":\"2020-12-21T15:45:49+00:00\",\"breadcrumb\":{\"@id\":\"https:\\\/\\\/sternwarte.jorahm.de\\\/#breadcrumb\"},\"inLanguage\":\"de\",\"potentialAction\":[{\"@type\":\"ReadAction\",\"target\":[\"https:\\\/\\\/sternwarte.jorahm.de\\\/\"]}]},{\"@type\":\"ImageObject\",\"inLanguage\":\"de\",\"@id\":\"https:\\\/\\\/sternwarte.jorahm.de\\\/#primaryimage\",\"url\":\"https:\\\/\\\/sternwarte.jorahm.de\\\/wp-content\\\/uploads\\\/2020\\\/03\\\/JoRa_VST_home2-1-scaled.jpg\",\"contentUrl\":\"https:\\\/\\\/sternwarte.jorahm.de\\\/wp-content\\\/uploads\\\/2020\\\/03\\\/JoRa_VST_home2-1-scaled.jpg\",\"width\":2560,\"height\":1920},{\"@type\":\"BreadcrumbList\",\"@id\":\"https:\\\/\\\/sternwarte.jorahm.de\\\/#breadcrumb\",\"itemListElement\":[{\"@type\":\"ListItem\",\"position\":1,\"name\":\"Home\",\"item\":\"https:\\\/\\\/sternwarte.jorahm.de\\\/\"},{\"@type\":\"ListItem\",\"position\":2,\"name\":\"JoRa VST\"}]},{\"@type\":\"WebSite\",\"@id\":\"https:\\\/\\\/sternwarte.jorahm.de\\\/#website\",\"url\":\"https:\\\/\\\/sternwarte.jorahm.de\\\/\",\"name\":\"JoRa VST\",\"description\":\"Joachim Rahm Very Small Telescope\",\"potentialAction\":[{\"@type\":\"SearchAction\",\"target\":{\"@type\":\"EntryPoint\",\"urlTemplate\":\"https:\\\/\\\/sternwarte.jorahm.de\\\/?s={search_term_string}\"},\"query-input\":{\"@type\":\"PropertyValueSpecification\",\"valueRequired\":true,\"valueName\":\"search_term_string\"}}],\"inLanguage\":\"de\"}]}<\/script>\n<!-- \/ Yoast SEO plugin. -->","yoast_head_json":{"title":"JoRa VST - JoRa VST %","robots":{"index":"index","follow":"follow","max-snippet":"max-snippet:-1","max-image-preview":"max-image-preview:large","max-video-preview":"max-video-preview:-1"},"canonical":"https:\/\/sternwarte.jorahm.de\/","og_locale":"de_DE","og_type":"article","og_title":"JoRa VST - JoRa VST %","og_description":"Das JoRa VST ist eine kleine private Sternwarte, welche sich haupts\u00e4chlich der Astrofotografie widmet.Mit der Namensgebung JoRa VST (Very Small Telescope) soll demonstrieren werden, dass der gegenw\u00e4rtige Trend auch bei Amateurastronomen, sich immer gr\u00f6\u00dfere Optiken zu beschaffen, in den mitteleurop\u00e4ischen Breiten zumindest f\u00fcr die Astrofotografie nicht notwendig, m.E. sogar unsinnig ist. Ich m\u00f6chte ermuntern auch ... Read moreJoRa VST","og_url":"https:\/\/sternwarte.jorahm.de\/","og_site_name":"JoRa VST","article_modified_time":"2020-12-21T15:45:49+00:00","og_image":[{"url":"https:\/\/sternwarte.jorahm.de\/wp-content\/uploads\/2020\/03\/JoRa_VST_home2-1-scaled.jpg","type":"","width":"","height":""}],"twitter_card":"summary_large_image","schema":{"@context":"https:\/\/schema.org","@graph":[{"@type":"WebPage","@id":"https:\/\/sternwarte.jorahm.de\/","url":"https:\/\/sternwarte.jorahm.de\/","name":"JoRa VST - JoRa VST %","isPartOf":{"@id":"https:\/\/sternwarte.jorahm.de\/#website"},"primaryImageOfPage":{"@id":"https:\/\/sternwarte.jorahm.de\/#primaryimage"},"image":{"@id":"https:\/\/sternwarte.jorahm.de\/#primaryimage"},"thumbnailUrl":"https:\/\/sternwarte.jorahm.de\/wp-content\/uploads\/2020\/03\/JoRa_VST_home2-1-scaled.jpg","datePublished":"2020-03-09T08:52:35+00:00","dateModified":"2020-12-21T15:45:49+00:00","breadcrumb":{"@id":"https:\/\/sternwarte.jorahm.de\/#breadcrumb"},"inLanguage":"de","potentialAction":[{"@type":"ReadAction","target":["https:\/\/sternwarte.jorahm.de\/"]}]},{"@type":"ImageObject","inLanguage":"de","@id":"https:\/\/sternwarte.jorahm.de\/#primaryimage","url":"https:\/\/sternwarte.jorahm.de\/wp-content\/uploads\/2020\/03\/JoRa_VST_home2-1-scaled.jpg","contentUrl":"https:\/\/sternwarte.jorahm.de\/wp-content\/uploads\/2020\/03\/JoRa_VST_home2-1-scaled.jpg","width":2560,"height":1920},{"@type":"BreadcrumbList","@id":"https:\/\/sternwarte.jorahm.de\/#breadcrumb","itemListElement":[{"@type":"ListItem","position":1,"name":"Home","item":"https:\/\/sternwarte.jorahm.de\/"},{"@type":"ListItem","position":2,"name":"JoRa VST"}]},{"@type":"WebSite","@id":"https:\/\/sternwarte.jorahm.de\/#website","url":"https:\/\/sternwarte.jorahm.de\/","name":"JoRa VST","description":"Joachim Rahm Very Small Telescope","potentialAction":[{"@type":"SearchAction","target":{"@type":"EntryPoint","urlTemplate":"https:\/\/sternwarte.jorahm.de\/?s={search_term_string}"},"query-input":{"@type":"PropertyValueSpecification","valueRequired":true,"valueName":"search_term_string"}}],"inLanguage":"de"}]}},"_links":{"self":[{"href":"https:\/\/sternwarte.jorahm.de\/index.php\/wp-json\/wp\/v2\/page\/6","targetHints":{"allow":["GET"]}}],"collection":[{"href":"https:\/\/sternwarte.jorahm.de\/index.php\/wp-json\/wp\/v2\/page"}],"about":[{"href":"https:\/\/sternwarte.jorahm.de\/index.php\/wp-json\/wp\/v2\/types\/page"}],"author":[{"embeddable":true,"href":"https:\/\/sternwarte.jorahm.de\/index.php\/wp-json\/wp\/v2\/users\/1"}],"replies":[{"embeddable":true,"href":"https:\/\/sternwarte.jorahm.de\/index.php\/wp-json\/wp\/v2\/comments?post=6"}],"version-history":[{"count":46,"href":"https:\/\/sternwarte.jorahm.de\/index.php\/wp-json\/wp\/v2\/page\/6\/revisions"}],"predecessor-version":[{"id":347,"href":"https:\/\/sternwarte.jorahm.de\/index.php\/wp-json\/wp\/v2\/page\/6\/revisions\/347"}],"wp:attachment":[{"href":"https:\/\/sternwarte.jorahm.de\/index.php\/wp-json\/wp\/v2\/media?parent=6"}],"curies":[{"name":"wp","href":"https:\/\/api.w.org\/{rel}","templated":true}]}}