{"id":70,"date":"2020-03-09T16:13:22","date_gmt":"2020-03-09T15:13:22","guid":{"rendered":"https:\/\/sternwarte.jorahm.de\/?page_id=70"},"modified":"2021-09-22T19:58:04","modified_gmt":"2021-09-22T17:58:04","slug":"sternhaufen","status":"publish","type":"page","link":"https:\/\/sternwarte.jorahm.de\/index.php\/astrofotos\/sternhaufen\/","title":{"rendered":"Sternhaufen"},"content":{"rendered":"\n<p>Ein <strong>Sternhaufen<\/strong> ist ein Gebiet erh\u00f6hter Dichte von Sternen im Vergleich zum umgebenden Bereich im Weltraum. Die Deutlichkeit ihrer Konzentration gegen\u00fcber dem Sternhintergrund kann jedoch sehr verschieden sein. Die Sterne eines Haufens geh\u00f6ren meistens in dem Sinne zusammen, dass sie auch gemeinsam entstanden sind. Man unterscheidet Offene Sternhaufen und Kugelsternhaufen. Sternhaufen sind wichtig zur Erforschung der Sternentwicklung, da alle Sterne ein \u00e4hnliches Alter besitzen. Au\u00dferdem sind sie in fast derselben Entfernung, wodurch die Interpretation von Messungen sicherer wird.<\/p>\n\n\n\n<p>Weitere einf\u00fchrende Literatur findet man in <a href=\"http:\/\/de.wikipedia.org\/wiki\/Sternhaufen\">Wikipedia<\/a>.<\/p>\n\n\n\n<div class=\"embed-container\">\n<iframe style=\"background-color: #ffffff;\" title=\"Fotos\" src=\"https:\\\\sternwarte.jorahm.de\\wp-content\\mypages\\showthumbs.php?Typ=%Sternhaufen%\" name=\"snr\" width=\"1160px\" height=\"830px\" scrolling=\"yes\"><span data-mce-type=\"bookmark\" style=\"display: inline-block; width: 0px; overflow: hidden; line-height: 0;\" class=\"mce_SELRES_start\">\ufeff<\/span><\/iframe>\n<\/div>\n","protected":false},"excerpt":{"rendered":"<p>Ein Sternhaufen ist ein Gebiet erh\u00f6hter Dichte von Sternen im Vergleich zum umgebenden Bereich im Weltraum. Die Deutlichkeit ihrer Konzentration gegen\u00fcber dem Sternhintergrund kann jedoch sehr verschieden sein. Die Sterne eines Haufens geh\u00f6ren meistens in dem Sinne zusammen, dass sie auch gemeinsam entstanden sind. Man unterscheidet Offene Sternhaufen und Kugelsternhaufen. Sternhaufen sind wichtig zur Erforschung &#8230; <\/p>\n<p class=\"read-more-container\"><a title=\"Sternhaufen\" class=\"read-more button\" href=\"https:\/\/sternwarte.jorahm.de\/index.php\/astrofotos\/sternhaufen\/#more-70\">Read more<span class=\"screen-reader-text\">Sternhaufen<\/span><\/a><\/p>\n","protected":false},"author":1,"featured_media":0,"parent":173,"menu_order":0,"comment_status":"closed","ping_status":"closed","template":"","meta":{"footnotes":""},"class_list":["post-70","page","type-page","status-publish"],"yoast_head":"<!-- This site is optimized with the Yoast SEO plugin v27.3 - https:\/\/yoast.com\/product\/yoast-seo-wordpress\/ -->\n<title>Sternhaufen - JoRa VST<\/title>\n<meta name=\"robots\" content=\"index, follow, max-snippet:-1, max-image-preview:large, max-video-preview:-1\" \/>\n<link rel=\"canonical\" href=\"https:\/\/sternwarte.jorahm.de\/index.php\/astrofotos\/sternhaufen\/\" \/>\n<meta property=\"og:locale\" content=\"de_DE\" \/>\n<meta property=\"og:type\" content=\"article\" \/>\n<meta property=\"og:title\" content=\"Sternhaufen - JoRa VST\" \/>\n<meta property=\"og:description\" content=\"Ein Sternhaufen ist ein Gebiet erh\u00f6hter Dichte von Sternen im Vergleich zum umgebenden Bereich im Weltraum. Die Deutlichkeit ihrer Konzentration gegen\u00fcber dem Sternhintergrund kann jedoch sehr verschieden sein. Die Sterne eines Haufens geh\u00f6ren meistens in dem Sinne zusammen, dass sie auch gemeinsam entstanden sind. Man unterscheidet Offene Sternhaufen und Kugelsternhaufen. Sternhaufen sind wichtig zur Erforschung ... Read moreSternhaufen\" \/>\n<meta property=\"og:url\" content=\"https:\/\/sternwarte.jorahm.de\/index.php\/astrofotos\/sternhaufen\/\" \/>\n<meta property=\"og:site_name\" content=\"JoRa VST\" \/>\n<meta property=\"article:modified_time\" content=\"2021-09-22T17:58:04+00:00\" \/>\n<meta name=\"twitter:card\" content=\"summary_large_image\" \/>\n<meta name=\"twitter:label1\" content=\"Gesch\u00e4tzte Lesezeit\" \/>\n\t<meta name=\"twitter:data1\" content=\"1\u00a0Minute\" \/>\n<script type=\"application\/ld+json\" class=\"yoast-schema-graph\">{\"@context\":\"https:\\\/\\\/schema.org\",\"@graph\":[{\"@type\":\"WebPage\",\"@id\":\"https:\\\/\\\/sternwarte.jorahm.de\\\/index.php\\\/astrofotos\\\/sternhaufen\\\/\",\"url\":\"https:\\\/\\\/sternwarte.jorahm.de\\\/index.php\\\/astrofotos\\\/sternhaufen\\\/\",\"name\":\"Sternhaufen - JoRa VST\",\"isPartOf\":{\"@id\":\"https:\\\/\\\/sternwarte.jorahm.de\\\/#website\"},\"datePublished\":\"2020-03-09T15:13:22+00:00\",\"dateModified\":\"2021-09-22T17:58:04+00:00\",\"breadcrumb\":{\"@id\":\"https:\\\/\\\/sternwarte.jorahm.de\\\/index.php\\\/astrofotos\\\/sternhaufen\\\/#breadcrumb\"},\"inLanguage\":\"de\",\"potentialAction\":[{\"@type\":\"ReadAction\",\"target\":[\"https:\\\/\\\/sternwarte.jorahm.de\\\/index.php\\\/astrofotos\\\/sternhaufen\\\/\"]}]},{\"@type\":\"BreadcrumbList\",\"@id\":\"https:\\\/\\\/sternwarte.jorahm.de\\\/index.php\\\/astrofotos\\\/sternhaufen\\\/#breadcrumb\",\"itemListElement\":[{\"@type\":\"ListItem\",\"position\":1,\"name\":\"Home\",\"item\":\"https:\\\/\\\/sternwarte.jorahm.de\\\/\"},{\"@type\":\"ListItem\",\"position\":2,\"name\":\"Astrofotos\",\"item\":\"https:\\\/\\\/sternwarte.jorahm.de\\\/index.php\\\/astrofotos\\\/\"},{\"@type\":\"ListItem\",\"position\":3,\"name\":\"Sternhaufen\"}]},{\"@type\":\"WebSite\",\"@id\":\"https:\\\/\\\/sternwarte.jorahm.de\\\/#website\",\"url\":\"https:\\\/\\\/sternwarte.jorahm.de\\\/\",\"name\":\"JoRa VST\",\"description\":\"Joachim Rahm Very Small Telescope\",\"potentialAction\":[{\"@type\":\"SearchAction\",\"target\":{\"@type\":\"EntryPoint\",\"urlTemplate\":\"https:\\\/\\\/sternwarte.jorahm.de\\\/?s={search_term_string}\"},\"query-input\":{\"@type\":\"PropertyValueSpecification\",\"valueRequired\":true,\"valueName\":\"search_term_string\"}}],\"inLanguage\":\"de\"}]}<\/script>\n<!-- \/ Yoast SEO plugin. -->","yoast_head_json":{"title":"Sternhaufen - JoRa VST","robots":{"index":"index","follow":"follow","max-snippet":"max-snippet:-1","max-image-preview":"max-image-preview:large","max-video-preview":"max-video-preview:-1"},"canonical":"https:\/\/sternwarte.jorahm.de\/index.php\/astrofotos\/sternhaufen\/","og_locale":"de_DE","og_type":"article","og_title":"Sternhaufen - JoRa VST","og_description":"Ein Sternhaufen ist ein Gebiet erh\u00f6hter Dichte von Sternen im Vergleich zum umgebenden Bereich im Weltraum. Die Deutlichkeit ihrer Konzentration gegen\u00fcber dem Sternhintergrund kann jedoch sehr verschieden sein. Die Sterne eines Haufens geh\u00f6ren meistens in dem Sinne zusammen, dass sie auch gemeinsam entstanden sind. Man unterscheidet Offene Sternhaufen und Kugelsternhaufen. Sternhaufen sind wichtig zur Erforschung ... Read moreSternhaufen","og_url":"https:\/\/sternwarte.jorahm.de\/index.php\/astrofotos\/sternhaufen\/","og_site_name":"JoRa VST","article_modified_time":"2021-09-22T17:58:04+00:00","twitter_card":"summary_large_image","twitter_misc":{"Gesch\u00e4tzte Lesezeit":"1\u00a0Minute"},"schema":{"@context":"https:\/\/schema.org","@graph":[{"@type":"WebPage","@id":"https:\/\/sternwarte.jorahm.de\/index.php\/astrofotos\/sternhaufen\/","url":"https:\/\/sternwarte.jorahm.de\/index.php\/astrofotos\/sternhaufen\/","name":"Sternhaufen - JoRa VST","isPartOf":{"@id":"https:\/\/sternwarte.jorahm.de\/#website"},"datePublished":"2020-03-09T15:13:22+00:00","dateModified":"2021-09-22T17:58:04+00:00","breadcrumb":{"@id":"https:\/\/sternwarte.jorahm.de\/index.php\/astrofotos\/sternhaufen\/#breadcrumb"},"inLanguage":"de","potentialAction":[{"@type":"ReadAction","target":["https:\/\/sternwarte.jorahm.de\/index.php\/astrofotos\/sternhaufen\/"]}]},{"@type":"BreadcrumbList","@id":"https:\/\/sternwarte.jorahm.de\/index.php\/astrofotos\/sternhaufen\/#breadcrumb","itemListElement":[{"@type":"ListItem","position":1,"name":"Home","item":"https:\/\/sternwarte.jorahm.de\/"},{"@type":"ListItem","position":2,"name":"Astrofotos","item":"https:\/\/sternwarte.jorahm.de\/index.php\/astrofotos\/"},{"@type":"ListItem","position":3,"name":"Sternhaufen"}]},{"@type":"WebSite","@id":"https:\/\/sternwarte.jorahm.de\/#website","url":"https:\/\/sternwarte.jorahm.de\/","name":"JoRa VST","description":"Joachim Rahm Very Small Telescope","potentialAction":[{"@type":"SearchAction","target":{"@type":"EntryPoint","urlTemplate":"https:\/\/sternwarte.jorahm.de\/?s={search_term_string}"},"query-input":{"@type":"PropertyValueSpecification","valueRequired":true,"valueName":"search_term_string"}}],"inLanguage":"de"}]}},"_links":{"self":[{"href":"https:\/\/sternwarte.jorahm.de\/index.php\/wp-json\/wp\/v2\/page\/70","targetHints":{"allow":["GET"]}}],"collection":[{"href":"https:\/\/sternwarte.jorahm.de\/index.php\/wp-json\/wp\/v2\/page"}],"about":[{"href":"https:\/\/sternwarte.jorahm.de\/index.php\/wp-json\/wp\/v2\/types\/page"}],"author":[{"embeddable":true,"href":"https:\/\/sternwarte.jorahm.de\/index.php\/wp-json\/wp\/v2\/users\/1"}],"replies":[{"embeddable":true,"href":"https:\/\/sternwarte.jorahm.de\/index.php\/wp-json\/wp\/v2\/comments?post=70"}],"version-history":[{"count":8,"href":"https:\/\/sternwarte.jorahm.de\/index.php\/wp-json\/wp\/v2\/page\/70\/revisions"}],"predecessor-version":[{"id":426,"href":"https:\/\/sternwarte.jorahm.de\/index.php\/wp-json\/wp\/v2\/page\/70\/revisions\/426"}],"up":[{"embeddable":true,"href":"https:\/\/sternwarte.jorahm.de\/index.php\/wp-json\/wp\/v2\/page\/173"}],"wp:attachment":[{"href":"https:\/\/sternwarte.jorahm.de\/index.php\/wp-json\/wp\/v2\/media?parent=70"}],"curies":[{"name":"wp","href":"https:\/\/api.w.org\/{rel}","templated":true}]}}