{"id":76,"date":"2020-03-09T16:24:55","date_gmt":"2020-03-09T15:24:55","guid":{"rendered":"https:\/\/sternwarte.jorahm.de\/?page_id=76"},"modified":"2021-09-22T20:32:33","modified_gmt":"2021-09-22T18:32:33","slug":"nebel","status":"publish","type":"page","link":"https:\/\/sternwarte.jorahm.de\/index.php\/astrofotos\/nebel\/","title":{"rendered":"Nebel"},"content":{"rendered":"\t\t<div data-elementor-type=\"wp-page\" data-elementor-id=\"76\" class=\"elementor elementor-76\">\n\t\t\t\t\t\t<section class=\"elementor-section elementor-top-section elementor-element elementor-element-111f5979 elementor-section-full_width elementor-section-height-default elementor-section-height-default\" data-id=\"111f5979\" data-element_type=\"section\" data-e-type=\"section\" data-settings=\"{&quot;wpkoi_parallax_layout_image&quot;:{&quot;url&quot;:&quot;&quot;,&quot;id&quot;:&quot;&quot;,&quot;size&quot;:&quot;&quot;},&quot;wpkoi_parallax_layout_speed&quot;:{&quot;unit&quot;:&quot;%&quot;,&quot;size&quot;:50,&quot;sizes&quot;:[]},&quot;wpkoi_parallax_layout_type&quot;:&quot;scroll&quot;,&quot;wpkoi_parallax_layout_bg_x&quot;:50,&quot;wpkoi_parallax_layout_bg_y&quot;:50,&quot;wpkoi_parallax_layout_bg_size&quot;:&quot;auto&quot;,&quot;wpkoi_parallax_layout_animation_prop&quot;:&quot;transform&quot;,&quot;section_wpkoi_tricks_particles&quot;:&quot;false&quot;,&quot;section_wpkoi_background_change&quot;:&quot;false&quot;}\">\n\t\t\t\t\t\t<div class=\"elementor-container elementor-column-gap-default\">\n\t\t\t\t\t<div class=\"elementor-column elementor-col-100 elementor-top-column elementor-element elementor-element-2156044e\" data-id=\"2156044e\" data-element_type=\"column\" data-e-type=\"column\">\n\t\t\t<div class=\"elementor-widget-wrap elementor-element-populated\">\n\t\t\t\t\t\t<div class=\"elementor-element elementor-element-94d843d elementor-widget elementor-widget-text-editor\" data-id=\"94d843d\" data-element_type=\"widget\" data-e-type=\"widget\" data-widget_type=\"text-editor.default\">\n\t\t\t\t<div class=\"elementor-widget-container\">\n\t\t\t\t\t\t\t\t\t<p>Als\u00a0<strong>Nebel<\/strong>\u00a0 oder\u00a0<strong>Nebelflecke<\/strong>\u00a0wurden in der Astronomie urspr\u00fcnglich alle leuchtenden fl\u00e4chenhaften Objekte an der Himmelskugel bezeichnet. Dazu geh\u00f6rten auch\u00a0<em>Sternnebel<\/em>, also Galaxien (<em>Spiralnebel<\/em>) und Sternhaufen, da sie bei geringer Aufl\u00f6sung im Teleskop oder mit blo\u00dfem Auge als Nebelflecke erscheinen.<br \/>Heute wird die Bezeichnung\u00a0<em>kosmischer Nebel<\/em> jedoch fast ausschlie\u00dflich f\u00fcr interstellare Wolken aus Staub und Gas verwendet, die je nach Art ihres Leuchtens bzw. ihres Entstehens in verschiedene Kategorien eingeteilt werden:<\/p>\t\t\t\t\t\t\t\t<\/div>\n\t\t\t\t<\/div>\n\t\t\t\t<div class=\"elementor-element elementor-element-55bdb09 elementor-widget elementor-widget-accordion\" data-id=\"55bdb09\" data-element_type=\"widget\" data-e-type=\"widget\" data-widget_type=\"accordion.default\">\n\t\t\t\t<div class=\"elementor-widget-container\">\n\t\t\t\t\t\t\t<div class=\"elementor-accordion\">\n\t\t\t\t\t\t\t<div class=\"elementor-accordion-item\">\n\t\t\t\t\t<div id=\"elementor-tab-title-8991\" class=\"elementor-tab-title\" data-tab=\"1\" role=\"button\" aria-controls=\"elementor-tab-content-8991\" aria-expanded=\"false\">\n\t\t\t\t\t\t\t\t\t\t\t\t\t<span class=\"elementor-accordion-icon elementor-accordion-icon-left\" aria-hidden=\"true\">\n\t\t\t\t\t\t\t\t\t\t\t\t\t\t\t<span class=\"elementor-accordion-icon-closed\"><i class=\"fas fa-plus\"><\/i><\/span>\n\t\t\t\t\t\t\t\t<span class=\"elementor-accordion-icon-opened\"><i class=\"fas fa-minus\"><\/i><\/span>\n\t\t\t\t\t\t\t\t\t\t\t\t\t\t<\/span>\n\t\t\t\t\t\t\t\t\t\t\t\t<a class=\"elementor-accordion-title\" tabindex=\"0\">Emissionsnebel<\/a>\n\t\t\t\t\t<\/div>\n\t\t\t\t\t<div id=\"elementor-tab-content-8991\" class=\"elementor-tab-content elementor-clearfix\" data-tab=\"1\" role=\"region\" aria-labelledby=\"elementor-tab-title-8991\"><p>Die Atome eines\u00a0 Emissionsnebel werden durch meist hochenergetische Photonen eines oder mehrerer benachbarter Sterne ionisiert.<\/p>\n<p>Anschlie\u00dfend fangen die Ionen die freien Elektronen wieder ein, die Elektronen geben ihre Energie in Form eines Lichtquants wieder ab (Rekombinationsleuchten).<\/p><\/div>\n\t\t\t\t<\/div>\n\t\t\t\t\t\t\t<div class=\"elementor-accordion-item\">\n\t\t\t\t\t<div id=\"elementor-tab-title-8992\" class=\"elementor-tab-title\" data-tab=\"2\" role=\"button\" aria-controls=\"elementor-tab-content-8992\" aria-expanded=\"false\">\n\t\t\t\t\t\t\t\t\t\t\t\t\t<span class=\"elementor-accordion-icon elementor-accordion-icon-left\" aria-hidden=\"true\">\n\t\t\t\t\t\t\t\t\t\t\t\t\t\t\t<span class=\"elementor-accordion-icon-closed\"><i class=\"fas fa-plus\"><\/i><\/span>\n\t\t\t\t\t\t\t\t<span class=\"elementor-accordion-icon-opened\"><i class=\"fas fa-minus\"><\/i><\/span>\n\t\t\t\t\t\t\t\t\t\t\t\t\t\t<\/span>\n\t\t\t\t\t\t\t\t\t\t\t\t<a class=\"elementor-accordion-title\" tabindex=\"0\">Reflexionsnebel<\/a>\n\t\t\t\t\t<\/div>\n\t\t\t\t\t<div id=\"elementor-tab-content-8992\" class=\"elementor-tab-content elementor-clearfix\" data-tab=\"2\" role=\"region\" aria-labelledby=\"elementor-tab-title-8992\"><p>Anders als bei\u00a0Emissionsnebeln sind die Sterne in Reflexionsnebeln nicht hei\u00df genug, um das Material zu ionisieren, bewirken also kein Eigenleuchten des Nebels. Stattdessen wird das Sternenlicht an den mikroskopischen Nebelpartikeln gestreut, wodurch der Nebel erst sichtbar wird. Das\u00a0Spektrum des Reflexionsnebels gleicht daher dem der einstrahlenden Sterne. Reflexionsnebel erscheinen meist blau, da kurzwelliges Licht st\u00e4rker gestreut wird.<\/p><\/div>\n\t\t\t\t<\/div>\n\t\t\t\t\t\t\t<div class=\"elementor-accordion-item\">\n\t\t\t\t\t<div id=\"elementor-tab-title-8993\" class=\"elementor-tab-title\" data-tab=\"3\" role=\"button\" aria-controls=\"elementor-tab-content-8993\" aria-expanded=\"false\">\n\t\t\t\t\t\t\t\t\t\t\t\t\t<span class=\"elementor-accordion-icon elementor-accordion-icon-left\" aria-hidden=\"true\">\n\t\t\t\t\t\t\t\t\t\t\t\t\t\t\t<span class=\"elementor-accordion-icon-closed\"><i class=\"fas fa-plus\"><\/i><\/span>\n\t\t\t\t\t\t\t\t<span class=\"elementor-accordion-icon-opened\"><i class=\"fas fa-minus\"><\/i><\/span>\n\t\t\t\t\t\t\t\t\t\t\t\t\t\t<\/span>\n\t\t\t\t\t\t\t\t\t\t\t\t<a class=\"elementor-accordion-title\" tabindex=\"0\">Dunkelnebel<\/a>\n\t\t\t\t\t<\/div>\n\t\t\t\t\t<div id=\"elementor-tab-content-8993\" class=\"elementor-tab-content elementor-clearfix\" data-tab=\"3\" role=\"region\" aria-labelledby=\"elementor-tab-title-8993\"><p>Eine Dunkelwolke bzw. Dunkelnebel ist eine Wolke aus interstellarem Gas und Staub, welcher das Licht sich der in bzw. hinter der Wolke befindenden Objekte absorbiert. Daher heben sie sich als dunkle Bereiche vor dem Sternenhintergrund ab.<\/p><\/div>\n\t\t\t\t<\/div>\n\t\t\t\t\t\t\t<div class=\"elementor-accordion-item\">\n\t\t\t\t\t<div id=\"elementor-tab-title-8994\" class=\"elementor-tab-title\" data-tab=\"4\" role=\"button\" aria-controls=\"elementor-tab-content-8994\" aria-expanded=\"false\">\n\t\t\t\t\t\t\t\t\t\t\t\t\t<span class=\"elementor-accordion-icon elementor-accordion-icon-left\" aria-hidden=\"true\">\n\t\t\t\t\t\t\t\t\t\t\t\t\t\t\t<span class=\"elementor-accordion-icon-closed\"><i class=\"fas fa-plus\"><\/i><\/span>\n\t\t\t\t\t\t\t\t<span class=\"elementor-accordion-icon-opened\"><i class=\"fas fa-minus\"><\/i><\/span>\n\t\t\t\t\t\t\t\t\t\t\t\t\t\t<\/span>\n\t\t\t\t\t\t\t\t\t\t\t\t<a class=\"elementor-accordion-title\" tabindex=\"0\">Planetarischer Nebel<\/a>\n\t\t\t\t\t<\/div>\n\t\t\t\t\t<div id=\"elementor-tab-content-8994\" class=\"elementor-tab-content elementor-clearfix\" data-tab=\"4\" role=\"region\" aria-labelledby=\"elementor-tab-title-8994\"><p>Planetarische Nebel sind Emissionsnebel, bei denen allerdings ein hei\u00dfer wei\u00dfer Zwerg mit seiner intensiven UV-Strahlung f\u00fcr das Leuchten sorgt. Der entsteht bei einer Nova-Explosion, bei der ein\u00a0 \u00a0massenarmer (weniger als 2 Sonnenmassen) Stern seine \u00e4u\u00dferen H\u00fcllen abst\u00f6\u00dft.<\/p><\/div>\n\t\t\t\t<\/div>\n\t\t\t\t\t\t\t<div class=\"elementor-accordion-item\">\n\t\t\t\t\t<div id=\"elementor-tab-title-8995\" class=\"elementor-tab-title\" data-tab=\"5\" role=\"button\" aria-controls=\"elementor-tab-content-8995\" aria-expanded=\"false\">\n\t\t\t\t\t\t\t\t\t\t\t\t\t<span class=\"elementor-accordion-icon elementor-accordion-icon-left\" aria-hidden=\"true\">\n\t\t\t\t\t\t\t\t\t\t\t\t\t\t\t<span class=\"elementor-accordion-icon-closed\"><i class=\"fas fa-plus\"><\/i><\/span>\n\t\t\t\t\t\t\t\t<span class=\"elementor-accordion-icon-opened\"><i class=\"fas fa-minus\"><\/i><\/span>\n\t\t\t\t\t\t\t\t\t\t\t\t\t\t<\/span>\n\t\t\t\t\t\t\t\t\t\t\t\t<a class=\"elementor-accordion-title\" tabindex=\"0\">Supernova\u00fcberrest  (SNR)<\/a>\n\t\t\t\t\t<\/div>\n\t\t\t\t\t<div id=\"elementor-tab-content-8995\" class=\"elementor-tab-content elementor-clearfix\" data-tab=\"5\" role=\"region\" aria-labelledby=\"elementor-tab-title-8995\"><p>Ein\u00a0Supernova\u00fcberrest (<i>supernova remnant<\/i>, kurz\u00a0SNR) ist ein\u00a0Emissionsnebel, der durch eine\u00a0Supernova\u00a0entsteht.<\/p>\n<p>Bei der Explosion eines massenreichen Sterns werden seine \u00e4u\u00dferen Schichten mit hoher Geschwindigkeit abgesto\u00dfen. \u00a0Beim Auftreffen auf interstellare medium bildet sich eine Schockwelle aus und die Materie wird bis auf 100 Mio. K aufgeheizt. W\u00e4hrend der \u00a0etwa 10.000 Jahre andauernde Abk\u00fchlungsphase strahlen die Gase.<\/p><\/div>\n\t\t\t\t<\/div>\n\t\t\t\t\t\t\t\t\t\t<script type=\"application\/ld+json\">{\"@context\":\"https:\\\/\\\/schema.org\",\"@type\":\"FAQPage\",\"mainEntity\":[{\"@type\":\"Question\",\"name\":\"Emissionsnebel\",\"acceptedAnswer\":{\"@type\":\"Answer\",\"text\":\"<p>Die Atome eines\\u00a0 Emissionsnebel werden durch meist hochenergetische Photonen eines oder mehrerer benachbarter Sterne ionisiert.<\\\/p>\\n<p>Anschlie\\u00dfend fangen die Ionen die freien Elektronen wieder ein, die Elektronen geben ihre Energie in Form eines Lichtquants wieder ab (Rekombinationsleuchten).<\\\/p>\"}},{\"@type\":\"Question\",\"name\":\"Reflexionsnebel\",\"acceptedAnswer\":{\"@type\":\"Answer\",\"text\":\"<p>Anders als bei\\u00a0Emissionsnebeln sind die Sterne in Reflexionsnebeln nicht hei\\u00df genug, um das Material zu ionisieren, bewirken also kein Eigenleuchten des Nebels. Stattdessen wird das Sternenlicht an den mikroskopischen Nebelpartikeln gestreut, wodurch der Nebel erst sichtbar wird. Das\\u00a0Spektrum des Reflexionsnebels gleicht daher dem der einstrahlenden Sterne. Reflexionsnebel erscheinen meist blau, da kurzwelliges Licht st\\u00e4rker gestreut wird.<\\\/p>\"}},{\"@type\":\"Question\",\"name\":\"Dunkelnebel\",\"acceptedAnswer\":{\"@type\":\"Answer\",\"text\":\"<p>Eine Dunkelwolke bzw. Dunkelnebel ist eine Wolke aus interstellarem Gas und Staub, welcher das Licht sich der in bzw. hinter der Wolke befindenden Objekte absorbiert. Daher heben sie sich als dunkle Bereiche vor dem Sternenhintergrund ab.<\\\/p>\"}},{\"@type\":\"Question\",\"name\":\"Planetarischer Nebel\",\"acceptedAnswer\":{\"@type\":\"Answer\",\"text\":\"<p>Planetarische Nebel sind Emissionsnebel, bei denen allerdings ein hei\\u00dfer wei\\u00dfer Zwerg mit seiner intensiven UV-Strahlung f\\u00fcr das Leuchten sorgt. Der entsteht bei einer Nova-Explosion, bei der ein\\u00a0 \\u00a0massenarmer (weniger als 2 Sonnenmassen) Stern seine \\u00e4u\\u00dferen H\\u00fcllen abst\\u00f6\\u00dft.<\\\/p>\"}},{\"@type\":\"Question\",\"name\":\"Supernova\\u00fcberrest  (SNR)\",\"acceptedAnswer\":{\"@type\":\"Answer\",\"text\":\"<p>Ein\\u00a0Supernova\\u00fcberrest (<i>supernova remnant<\\\/i>, kurz\\u00a0SNR) ist ein\\u00a0Emissionsnebel, der durch eine\\u00a0Supernova\\u00a0entsteht.<\\\/p>\\n<p>Bei der Explosion eines massenreichen Sterns werden seine \\u00e4u\\u00dferen Schichten mit hoher Geschwindigkeit abgesto\\u00dfen. \\u00a0Beim Auftreffen auf interstellare medium bildet sich eine Schockwelle aus und die Materie wird bis auf 100 Mio. K aufgeheizt. W\\u00e4hrend der \\u00a0etwa 10.000 Jahre andauernde Abk\\u00fchlungsphase strahlen die Gase.<\\\/p>\"}}]}<\/script>\n\t\t\t\t\t<\/div>\n\t\t\t\t\t\t<\/div>\n\t\t\t\t<\/div>\n\t\t\t\t<div class=\"elementor-element elementor-element-2f5cd562 elementor-widget__width-initial elementor-widget elementor-widget-text-editor\" data-id=\"2f5cd562\" data-element_type=\"widget\" data-e-type=\"widget\" data-widget_type=\"text-editor.default\">\n\t\t\t\t<div class=\"elementor-widget-container\">\n\t\t\t\t\t\t\t\t\t<p><\/p>\n<p>\u00a0<\/p>\n<p><\/p>\n<p><\/p>\n<p><\/p>\n<p><\/p>\n<div class=\"embed-container\"><iframe style=\"background-color: #ffffff;\" title=\"Fotos\" src=\"https:\\\\sternwarte.jorahm.de\\wp-content\\mypages\\showthumbs.php?Typ=Nebel\" name=\"snr\" width=\"1160px\" height=\"830px\" scrolling=\"yes\"><span data-mce-type=\"bookmark\" style=\"display: inline-block; width: 0px; overflow: hidden; line-height: 0;\" class=\"mce_SELRES_start\">\ufeff<\/span><\/iframe><\/div>\n<p><\/p>\t\t\t\t\t\t\t\t<\/div>\n\t\t\t\t<\/div>\n\t\t\t\t\t<\/div>\n\t\t<\/div>\n\t\t\t\t\t<\/div>\n\t\t<\/section>\n\t\t\t\t<\/div>\n\t\t","protected":false},"excerpt":{"rendered":"<p>Als\u00a0Nebel\u00a0 oder\u00a0Nebelflecke\u00a0wurden in der Astronomie urspr\u00fcnglich alle leuchtenden fl\u00e4chenhaften Objekte an der Himmelskugel bezeichnet. Dazu geh\u00f6rten auch\u00a0Sternnebel, also Galaxien (Spiralnebel) und Sternhaufen, da sie bei geringer Aufl\u00f6sung im Teleskop oder mit blo\u00dfem Auge als Nebelflecke erscheinen.Heute wird die Bezeichnung\u00a0kosmischer Nebel jedoch fast ausschlie\u00dflich f\u00fcr interstellare Wolken aus Staub und Gas verwendet, die je nach Art &#8230; <\/p>\n<p class=\"read-more-container\"><a title=\"Nebel\" class=\"read-more button\" href=\"https:\/\/sternwarte.jorahm.de\/index.php\/astrofotos\/nebel\/#more-76\">Read more<span class=\"screen-reader-text\">Nebel<\/span><\/a><\/p>\n","protected":false},"author":1,"featured_media":0,"parent":173,"menu_order":0,"comment_status":"closed","ping_status":"closed","template":"","meta":{"footnotes":""},"class_list":["post-76","page","type-page","status-publish"],"yoast_head":"<!-- This site is optimized with the Yoast SEO plugin v27.3 - https:\/\/yoast.com\/product\/yoast-seo-wordpress\/ -->\n<title>Nebel - JoRa VST<\/title>\n<meta name=\"robots\" content=\"index, follow, max-snippet:-1, max-image-preview:large, max-video-preview:-1\" \/>\n<link rel=\"canonical\" href=\"https:\/\/sternwarte.jorahm.de\/index.php\/astrofotos\/nebel\/\" \/>\n<meta property=\"og:locale\" content=\"de_DE\" \/>\n<meta property=\"og:type\" content=\"article\" \/>\n<meta property=\"og:title\" content=\"Nebel - JoRa VST\" \/>\n<meta property=\"og:description\" content=\"Als\u00a0Nebel\u00a0 oder\u00a0Nebelflecke\u00a0wurden in der Astronomie urspr\u00fcnglich alle leuchtenden fl\u00e4chenhaften Objekte an der Himmelskugel bezeichnet. Dazu geh\u00f6rten auch\u00a0Sternnebel, also Galaxien (Spiralnebel) und Sternhaufen, da sie bei geringer Aufl\u00f6sung im Teleskop oder mit blo\u00dfem Auge als Nebelflecke erscheinen.Heute wird die Bezeichnung\u00a0kosmischer Nebel jedoch fast ausschlie\u00dflich f\u00fcr interstellare Wolken aus Staub und Gas verwendet, die je nach Art ... Read moreNebel\" \/>\n<meta property=\"og:url\" content=\"https:\/\/sternwarte.jorahm.de\/index.php\/astrofotos\/nebel\/\" \/>\n<meta property=\"og:site_name\" content=\"JoRa VST\" \/>\n<meta property=\"article:modified_time\" content=\"2021-09-22T18:32:33+00:00\" \/>\n<meta name=\"twitter:card\" content=\"summary_large_image\" \/>\n<meta name=\"twitter:label1\" content=\"Gesch\u00e4tzte Lesezeit\" \/>\n\t<meta name=\"twitter:data1\" content=\"3\u00a0Minuten\" \/>\n<script type=\"application\/ld+json\" class=\"yoast-schema-graph\">{\"@context\":\"https:\\\/\\\/schema.org\",\"@graph\":[{\"@type\":\"WebPage\",\"@id\":\"https:\\\/\\\/sternwarte.jorahm.de\\\/index.php\\\/astrofotos\\\/nebel\\\/\",\"url\":\"https:\\\/\\\/sternwarte.jorahm.de\\\/index.php\\\/astrofotos\\\/nebel\\\/\",\"name\":\"Nebel - JoRa VST\",\"isPartOf\":{\"@id\":\"https:\\\/\\\/sternwarte.jorahm.de\\\/#website\"},\"datePublished\":\"2020-03-09T15:24:55+00:00\",\"dateModified\":\"2021-09-22T18:32:33+00:00\",\"breadcrumb\":{\"@id\":\"https:\\\/\\\/sternwarte.jorahm.de\\\/index.php\\\/astrofotos\\\/nebel\\\/#breadcrumb\"},\"inLanguage\":\"de\",\"potentialAction\":[{\"@type\":\"ReadAction\",\"target\":[\"https:\\\/\\\/sternwarte.jorahm.de\\\/index.php\\\/astrofotos\\\/nebel\\\/\"]}]},{\"@type\":\"BreadcrumbList\",\"@id\":\"https:\\\/\\\/sternwarte.jorahm.de\\\/index.php\\\/astrofotos\\\/nebel\\\/#breadcrumb\",\"itemListElement\":[{\"@type\":\"ListItem\",\"position\":1,\"name\":\"Home\",\"item\":\"https:\\\/\\\/sternwarte.jorahm.de\\\/\"},{\"@type\":\"ListItem\",\"position\":2,\"name\":\"Astrofotos\",\"item\":\"https:\\\/\\\/sternwarte.jorahm.de\\\/index.php\\\/astrofotos\\\/\"},{\"@type\":\"ListItem\",\"position\":3,\"name\":\"Nebel\"}]},{\"@type\":\"WebSite\",\"@id\":\"https:\\\/\\\/sternwarte.jorahm.de\\\/#website\",\"url\":\"https:\\\/\\\/sternwarte.jorahm.de\\\/\",\"name\":\"JoRa VST\",\"description\":\"Joachim Rahm Very Small Telescope\",\"potentialAction\":[{\"@type\":\"SearchAction\",\"target\":{\"@type\":\"EntryPoint\",\"urlTemplate\":\"https:\\\/\\\/sternwarte.jorahm.de\\\/?s={search_term_string}\"},\"query-input\":{\"@type\":\"PropertyValueSpecification\",\"valueRequired\":true,\"valueName\":\"search_term_string\"}}],\"inLanguage\":\"de\"}]}<\/script>\n<!-- \/ Yoast SEO plugin. -->","yoast_head_json":{"title":"Nebel - JoRa VST","robots":{"index":"index","follow":"follow","max-snippet":"max-snippet:-1","max-image-preview":"max-image-preview:large","max-video-preview":"max-video-preview:-1"},"canonical":"https:\/\/sternwarte.jorahm.de\/index.php\/astrofotos\/nebel\/","og_locale":"de_DE","og_type":"article","og_title":"Nebel - JoRa VST","og_description":"Als\u00a0Nebel\u00a0 oder\u00a0Nebelflecke\u00a0wurden in der Astronomie urspr\u00fcnglich alle leuchtenden fl\u00e4chenhaften Objekte an der Himmelskugel bezeichnet. Dazu geh\u00f6rten auch\u00a0Sternnebel, also Galaxien (Spiralnebel) und Sternhaufen, da sie bei geringer Aufl\u00f6sung im Teleskop oder mit blo\u00dfem Auge als Nebelflecke erscheinen.Heute wird die Bezeichnung\u00a0kosmischer Nebel jedoch fast ausschlie\u00dflich f\u00fcr interstellare Wolken aus Staub und Gas verwendet, die je nach Art ... Read moreNebel","og_url":"https:\/\/sternwarte.jorahm.de\/index.php\/astrofotos\/nebel\/","og_site_name":"JoRa VST","article_modified_time":"2021-09-22T18:32:33+00:00","twitter_card":"summary_large_image","twitter_misc":{"Gesch\u00e4tzte Lesezeit":"3\u00a0Minuten"},"schema":{"@context":"https:\/\/schema.org","@graph":[{"@type":"WebPage","@id":"https:\/\/sternwarte.jorahm.de\/index.php\/astrofotos\/nebel\/","url":"https:\/\/sternwarte.jorahm.de\/index.php\/astrofotos\/nebel\/","name":"Nebel - JoRa VST","isPartOf":{"@id":"https:\/\/sternwarte.jorahm.de\/#website"},"datePublished":"2020-03-09T15:24:55+00:00","dateModified":"2021-09-22T18:32:33+00:00","breadcrumb":{"@id":"https:\/\/sternwarte.jorahm.de\/index.php\/astrofotos\/nebel\/#breadcrumb"},"inLanguage":"de","potentialAction":[{"@type":"ReadAction","target":["https:\/\/sternwarte.jorahm.de\/index.php\/astrofotos\/nebel\/"]}]},{"@type":"BreadcrumbList","@id":"https:\/\/sternwarte.jorahm.de\/index.php\/astrofotos\/nebel\/#breadcrumb","itemListElement":[{"@type":"ListItem","position":1,"name":"Home","item":"https:\/\/sternwarte.jorahm.de\/"},{"@type":"ListItem","position":2,"name":"Astrofotos","item":"https:\/\/sternwarte.jorahm.de\/index.php\/astrofotos\/"},{"@type":"ListItem","position":3,"name":"Nebel"}]},{"@type":"WebSite","@id":"https:\/\/sternwarte.jorahm.de\/#website","url":"https:\/\/sternwarte.jorahm.de\/","name":"JoRa VST","description":"Joachim Rahm Very Small Telescope","potentialAction":[{"@type":"SearchAction","target":{"@type":"EntryPoint","urlTemplate":"https:\/\/sternwarte.jorahm.de\/?s={search_term_string}"},"query-input":{"@type":"PropertyValueSpecification","valueRequired":true,"valueName":"search_term_string"}}],"inLanguage":"de"}]}},"_links":{"self":[{"href":"https:\/\/sternwarte.jorahm.de\/index.php\/wp-json\/wp\/v2\/page\/76","targetHints":{"allow":["GET"]}}],"collection":[{"href":"https:\/\/sternwarte.jorahm.de\/index.php\/wp-json\/wp\/v2\/page"}],"about":[{"href":"https:\/\/sternwarte.jorahm.de\/index.php\/wp-json\/wp\/v2\/types\/page"}],"author":[{"embeddable":true,"href":"https:\/\/sternwarte.jorahm.de\/index.php\/wp-json\/wp\/v2\/users\/1"}],"replies":[{"embeddable":true,"href":"https:\/\/sternwarte.jorahm.de\/index.php\/wp-json\/wp\/v2\/comments?post=76"}],"version-history":[{"count":114,"href":"https:\/\/sternwarte.jorahm.de\/index.php\/wp-json\/wp\/v2\/page\/76\/revisions"}],"predecessor-version":[{"id":501,"href":"https:\/\/sternwarte.jorahm.de\/index.php\/wp-json\/wp\/v2\/page\/76\/revisions\/501"}],"up":[{"embeddable":true,"href":"https:\/\/sternwarte.jorahm.de\/index.php\/wp-json\/wp\/v2\/page\/173"}],"wp:attachment":[{"href":"https:\/\/sternwarte.jorahm.de\/index.php\/wp-json\/wp\/v2\/media?parent=76"}],"curies":[{"name":"wp","href":"https:\/\/api.w.org\/{rel}","templated":true}]}}