{"id":78,"date":"2020-03-09T16:25:58","date_gmt":"2020-03-09T15:25:58","guid":{"rendered":"https:\/\/sternwarte.jorahm.de\/?page_id=78"},"modified":"2020-03-31T13:23:40","modified_gmt":"2020-03-31T11:23:40","slug":"planetarischer-nebel","status":"publish","type":"page","link":"https:\/\/sternwarte.jorahm.de\/index.php\/astrofotos\/planetarischer-nebel\/","title":{"rendered":"Planetarischer Nebel"},"content":{"rendered":"\n<p>Ein <strong>planetarischer Nebel<\/strong> besteht aus einer H\u00fclle aus Gas und Plasma, das von einem alten Stern am Ende seiner Entwicklung abgesto\u00dfen wird.<\/p>\n\n\n\n<p>Der Name ist historisch bedingt und irref\u00fchrend, denn solche Nebel haben nichts mit Planeten zu tun. Die Bezeichnung stammt daher, dass sie im Teleskop meist rund und gr\u00fcnlich erscheinen wie ferne Gasplaneten.<\/p>\n\n\n\n<p>Die Lebensdaurer Planetarischer Nebel betr\u00e4gt&nbsp; meist nur einige zehntausend Jahre.<\/p>\n\n\n\n<p>Weitere einf\u00fchrende Literatur findet man in<a href=\"http:\/\/de.wikipedia.org\/wiki\/Planetarischer_Nebel\"> Wikipedia.<\/a><\/p>\n\n\n\n<div class=\"embed-container\">\n<iframe style=\"background-color: #ffffff;\" title=\"Fotos\" src=\"https:\\\\sternwarte.jorahm.de\\wp-content\\mypages\\showthumbs.php?Typ=Planetarischer Nebel\" name=\"snr\" width=\"1160px\" height=\"830px\" scrolling=\"yes\"><span data-mce-type=\"bookmark\" style=\"display: inline-block; width: 0px; overflow: hidden; line-height: 0;\" class=\"mce_SELRES_start\">\ufeff<\/span><\/iframe>\n<\/div>\n","protected":false},"excerpt":{"rendered":"<p>Ein planetarischer Nebel besteht aus einer H\u00fclle aus Gas und Plasma, das von einem alten Stern am Ende seiner Entwicklung abgesto\u00dfen wird. Der Name ist historisch bedingt und irref\u00fchrend, denn solche Nebel haben nichts mit Planeten zu tun. Die Bezeichnung stammt daher, dass sie im Teleskop meist rund und gr\u00fcnlich erscheinen wie ferne Gasplaneten. Die &#8230; <\/p>\n<p class=\"read-more-container\"><a title=\"Planetarischer Nebel\" class=\"read-more button\" href=\"https:\/\/sternwarte.jorahm.de\/index.php\/astrofotos\/planetarischer-nebel\/#more-78\">Read more<span class=\"screen-reader-text\">Planetarischer Nebel<\/span><\/a><\/p>\n","protected":false},"author":1,"featured_media":0,"parent":173,"menu_order":0,"comment_status":"closed","ping_status":"closed","template":"","meta":{"footnotes":""},"class_list":["post-78","page","type-page","status-publish"],"yoast_head":"<!-- This site is optimized with the Yoast SEO plugin v27.5 - https:\/\/yoast.com\/product\/yoast-seo-wordpress\/ -->\n<title>Planetarischer Nebel - JoRa VST<\/title>\n<meta name=\"robots\" content=\"index, follow, max-snippet:-1, max-image-preview:large, max-video-preview:-1\" \/>\n<link rel=\"canonical\" href=\"https:\/\/sternwarte.jorahm.de\/index.php\/astrofotos\/planetarischer-nebel\/\" \/>\n<meta property=\"og:locale\" content=\"de_DE\" \/>\n<meta property=\"og:type\" content=\"article\" \/>\n<meta property=\"og:title\" content=\"Planetarischer Nebel - JoRa VST\" \/>\n<meta property=\"og:description\" content=\"Ein planetarischer Nebel besteht aus einer H\u00fclle aus Gas und Plasma, das von einem alten Stern am Ende seiner Entwicklung abgesto\u00dfen wird. Der Name ist historisch bedingt und irref\u00fchrend, denn solche Nebel haben nichts mit Planeten zu tun. Die Bezeichnung stammt daher, dass sie im Teleskop meist rund und gr\u00fcnlich erscheinen wie ferne Gasplaneten. Die ... Read morePlanetarischer Nebel\" \/>\n<meta property=\"og:url\" content=\"https:\/\/sternwarte.jorahm.de\/index.php\/astrofotos\/planetarischer-nebel\/\" \/>\n<meta property=\"og:site_name\" content=\"JoRa VST\" \/>\n<meta property=\"article:modified_time\" content=\"2020-03-31T11:23:40+00:00\" \/>\n<meta name=\"twitter:card\" content=\"summary_large_image\" \/>\n<script type=\"application\/ld+json\" class=\"yoast-schema-graph\">{\"@context\":\"https:\\\/\\\/schema.org\",\"@graph\":[{\"@type\":\"WebPage\",\"@id\":\"https:\\\/\\\/sternwarte.jorahm.de\\\/index.php\\\/astrofotos\\\/planetarischer-nebel\\\/\",\"url\":\"https:\\\/\\\/sternwarte.jorahm.de\\\/index.php\\\/astrofotos\\\/planetarischer-nebel\\\/\",\"name\":\"Planetarischer Nebel - JoRa VST\",\"isPartOf\":{\"@id\":\"https:\\\/\\\/sternwarte.jorahm.de\\\/#website\"},\"datePublished\":\"2020-03-09T15:25:58+00:00\",\"dateModified\":\"2020-03-31T11:23:40+00:00\",\"breadcrumb\":{\"@id\":\"https:\\\/\\\/sternwarte.jorahm.de\\\/index.php\\\/astrofotos\\\/planetarischer-nebel\\\/#breadcrumb\"},\"inLanguage\":\"de\",\"potentialAction\":[{\"@type\":\"ReadAction\",\"target\":[\"https:\\\/\\\/sternwarte.jorahm.de\\\/index.php\\\/astrofotos\\\/planetarischer-nebel\\\/\"]}]},{\"@type\":\"BreadcrumbList\",\"@id\":\"https:\\\/\\\/sternwarte.jorahm.de\\\/index.php\\\/astrofotos\\\/planetarischer-nebel\\\/#breadcrumb\",\"itemListElement\":[{\"@type\":\"ListItem\",\"position\":1,\"name\":\"Home\",\"item\":\"https:\\\/\\\/sternwarte.jorahm.de\\\/\"},{\"@type\":\"ListItem\",\"position\":2,\"name\":\"Astrofotos\",\"item\":\"https:\\\/\\\/sternwarte.jorahm.de\\\/index.php\\\/astrofotos\\\/\"},{\"@type\":\"ListItem\",\"position\":3,\"name\":\"Planetarischer Nebel\"}]},{\"@type\":\"WebSite\",\"@id\":\"https:\\\/\\\/sternwarte.jorahm.de\\\/#website\",\"url\":\"https:\\\/\\\/sternwarte.jorahm.de\\\/\",\"name\":\"JoRa VST\",\"description\":\"Joachim Rahm Very Small Telescope\",\"potentialAction\":[{\"@type\":\"SearchAction\",\"target\":{\"@type\":\"EntryPoint\",\"urlTemplate\":\"https:\\\/\\\/sternwarte.jorahm.de\\\/?s={search_term_string}\"},\"query-input\":{\"@type\":\"PropertyValueSpecification\",\"valueRequired\":true,\"valueName\":\"search_term_string\"}}],\"inLanguage\":\"de\"}]}<\/script>\n<!-- \/ Yoast SEO plugin. -->","yoast_head_json":{"title":"Planetarischer Nebel - JoRa VST","robots":{"index":"index","follow":"follow","max-snippet":"max-snippet:-1","max-image-preview":"max-image-preview:large","max-video-preview":"max-video-preview:-1"},"canonical":"https:\/\/sternwarte.jorahm.de\/index.php\/astrofotos\/planetarischer-nebel\/","og_locale":"de_DE","og_type":"article","og_title":"Planetarischer Nebel - JoRa VST","og_description":"Ein planetarischer Nebel besteht aus einer H\u00fclle aus Gas und Plasma, das von einem alten Stern am Ende seiner Entwicklung abgesto\u00dfen wird. Der Name ist historisch bedingt und irref\u00fchrend, denn solche Nebel haben nichts mit Planeten zu tun. Die Bezeichnung stammt daher, dass sie im Teleskop meist rund und gr\u00fcnlich erscheinen wie ferne Gasplaneten. Die ... Read morePlanetarischer Nebel","og_url":"https:\/\/sternwarte.jorahm.de\/index.php\/astrofotos\/planetarischer-nebel\/","og_site_name":"JoRa VST","article_modified_time":"2020-03-31T11:23:40+00:00","twitter_card":"summary_large_image","schema":{"@context":"https:\/\/schema.org","@graph":[{"@type":"WebPage","@id":"https:\/\/sternwarte.jorahm.de\/index.php\/astrofotos\/planetarischer-nebel\/","url":"https:\/\/sternwarte.jorahm.de\/index.php\/astrofotos\/planetarischer-nebel\/","name":"Planetarischer Nebel - JoRa VST","isPartOf":{"@id":"https:\/\/sternwarte.jorahm.de\/#website"},"datePublished":"2020-03-09T15:25:58+00:00","dateModified":"2020-03-31T11:23:40+00:00","breadcrumb":{"@id":"https:\/\/sternwarte.jorahm.de\/index.php\/astrofotos\/planetarischer-nebel\/#breadcrumb"},"inLanguage":"de","potentialAction":[{"@type":"ReadAction","target":["https:\/\/sternwarte.jorahm.de\/index.php\/astrofotos\/planetarischer-nebel\/"]}]},{"@type":"BreadcrumbList","@id":"https:\/\/sternwarte.jorahm.de\/index.php\/astrofotos\/planetarischer-nebel\/#breadcrumb","itemListElement":[{"@type":"ListItem","position":1,"name":"Home","item":"https:\/\/sternwarte.jorahm.de\/"},{"@type":"ListItem","position":2,"name":"Astrofotos","item":"https:\/\/sternwarte.jorahm.de\/index.php\/astrofotos\/"},{"@type":"ListItem","position":3,"name":"Planetarischer Nebel"}]},{"@type":"WebSite","@id":"https:\/\/sternwarte.jorahm.de\/#website","url":"https:\/\/sternwarte.jorahm.de\/","name":"JoRa VST","description":"Joachim Rahm Very Small Telescope","potentialAction":[{"@type":"SearchAction","target":{"@type":"EntryPoint","urlTemplate":"https:\/\/sternwarte.jorahm.de\/?s={search_term_string}"},"query-input":{"@type":"PropertyValueSpecification","valueRequired":true,"valueName":"search_term_string"}}],"inLanguage":"de"}]}},"_links":{"self":[{"href":"https:\/\/sternwarte.jorahm.de\/index.php\/wp-json\/wp\/v2\/page\/78","targetHints":{"allow":["GET"]}}],"collection":[{"href":"https:\/\/sternwarte.jorahm.de\/index.php\/wp-json\/wp\/v2\/page"}],"about":[{"href":"https:\/\/sternwarte.jorahm.de\/index.php\/wp-json\/wp\/v2\/types\/page"}],"author":[{"embeddable":true,"href":"https:\/\/sternwarte.jorahm.de\/index.php\/wp-json\/wp\/v2\/users\/1"}],"replies":[{"embeddable":true,"href":"https:\/\/sternwarte.jorahm.de\/index.php\/wp-json\/wp\/v2\/comments?post=78"}],"version-history":[{"count":2,"href":"https:\/\/sternwarte.jorahm.de\/index.php\/wp-json\/wp\/v2\/page\/78\/revisions"}],"predecessor-version":[{"id":301,"href":"https:\/\/sternwarte.jorahm.de\/index.php\/wp-json\/wp\/v2\/page\/78\/revisions\/301"}],"up":[{"embeddable":true,"href":"https:\/\/sternwarte.jorahm.de\/index.php\/wp-json\/wp\/v2\/page\/173"}],"wp:attachment":[{"href":"https:\/\/sternwarte.jorahm.de\/index.php\/wp-json\/wp\/v2\/media?parent=78"}],"curies":[{"name":"wp","href":"https:\/\/api.w.org\/{rel}","templated":true}]}}